{"id":179558,"date":"2024-10-23T00:07:55","date_gmt":"2024-10-22T22:07:55","guid":{"rendered":"https:\/\/www.reyerlooks.com\/?post_type=product&#038;p=179558"},"modified":"2026-04-21T14:12:30","modified_gmt":"2026-04-21T12:12:30","slug":"sweatshirt-dunkelgrau-blume-ohapril","status":"publish","type":"product","link":"https:\/\/reyerlooks.com.staging-development.com\/?product=sweatshirt-dunkelgrau-blume-ohapril","title":{"rendered":"Sweatshirt BLOOM"},"content":{"rendered":"<p>in Dunkelgrau<br \/>\nmit Aufdruck auf der R\u00fcckseite<br \/>\nRippb\u00fcndchen an den \u00c4rmelenden und am Kragen<br \/>\nAngenehm weiches Material<br \/>\nPassform: Oversize, \u00fcberschnittene Schultern<\/p>\n","protected":false},"excerpt":{"rendered":"<p>in Dunkelgrau mit Aufdruck auf der R\u00fcckseite Rippb\u00fcndchen an den \u00c4rmelenden und am Kragen Angenehm weiches Material Passform: Oversize, \u00fcberschnittene Schultern<\/p>\n","protected":false},"featured_media":179628,"comment_status":"open","ping_status":"closed","template":"","meta":{"_acf_changed":false,"inline_featured_image":false},"product_cat":[1764,4378,4386,4394,4396,4990],"product_tag":[],"class_list":{"0":"post-179558","1":"product","2":"type-product","3":"status-publish","4":"has-post-thumbnail","6":"product_cat-new-in","7":"product_cat-women","8":"product_cat-women-bekleidung","9":"product_cat-women-bekleidung-oberteile","10":"product_cat-women-bekleidung-oberteile-sweatshirts","11":"product_cat-oh-april","13":"first","14":"instock","15":"taxable","16":"shipping-taxable","17":"purchasable","18":"product-type-variable"},"acf":[],"_links":{"self":[{"href":"https:\/\/reyerlooks.com.staging-development.com\/index.php?rest_route=\/wp\/v2\/product\/179558","targetHints":{"allow":["GET"]}}],"collection":[{"href":"https:\/\/reyerlooks.com.staging-development.com\/index.php?rest_route=\/wp\/v2\/product"}],"about":[{"href":"https:\/\/reyerlooks.com.staging-development.com\/index.php?rest_route=\/wp\/v2\/types\/product"}],"replies":[{"embeddable":true,"href":"https:\/\/reyerlooks.com.staging-development.com\/index.php?rest_route=%2Fwp%2Fv2%2Fcomments&post=179558"}],"wp:featuredmedia":[{"embeddable":true,"href":"https:\/\/reyerlooks.com.staging-development.com\/index.php?rest_route=\/wp\/v2\/media\/179628"}],"wp:attachment":[{"href":"https:\/\/reyerlooks.com.staging-development.com\/index.php?rest_route=%2Fwp%2Fv2%2Fmedia&parent=179558"}],"wp:term":[{"taxonomy":"product_cat","embeddable":true,"href":"https:\/\/reyerlooks.com.staging-development.com\/index.php?rest_route=%2Fwp%2Fv2%2Fproduct_cat&post=179558"},{"taxonomy":"product_tag","embeddable":true,"href":"https:\/\/reyerlooks.com.staging-development.com\/index.php?rest_route=%2Fwp%2Fv2%2Fproduct_tag&post=179558"}],"curies":[{"name":"wp","href":"https:\/\/api.w.org\/{rel}","templated":true}]}}