{"id":179553,"date":"2024-10-23T00:07:54","date_gmt":"2024-10-22T22:07:54","guid":{"rendered":"https:\/\/www.reyerlooks.com\/?post_type=product&#038;p=179553"},"modified":"2026-04-17T15:10:12","modified_gmt":"2026-04-17T13:10:12","slug":"boyfriend-tshirt-hellblau-ohapril","status":"publish","type":"product","link":"https:\/\/reyerlooks.com.staging-development.com\/?product=boyfriend-tshirt-hellblau-ohapril","title":{"rendered":"Boyfriend-T-Shirt"},"content":{"rendered":"<p>in Hellblau<br \/>\nRundhalsausschnitt<br \/>\nkurze \u00c4rmel<br \/>\nmit Logo-Stick in Wei\u00df<br \/>\nangenehmes Material<br \/>\nPassform: oversize, \u00fcberschnittene Schultern, l\u00e4ssiger Boyfriend-Schnitt<\/p>\n","protected":false},"excerpt":{"rendered":"<p>in Hellblau Rundhalsausschnitt kurze \u00c4rmel mit Logo-Stick in Wei\u00df angenehmes Material Passform: oversize, \u00fcberschnittene Schultern, l\u00e4ssiger Boyfriend-Schnitt<\/p>\n","protected":false},"featured_media":179659,"comment_status":"open","ping_status":"closed","template":"","meta":{"_acf_changed":false,"inline_featured_image":false},"product_cat":[1764,4378,4402,4386,4394,4990],"product_tag":[],"class_list":{"0":"post-179553","1":"product","2":"type-product","3":"status-publish","4":"has-post-thumbnail","6":"product_cat-new-in","7":"product_cat-women","8":"product_cat-women-bekleidung-oberteile-t-shirts","9":"product_cat-women-bekleidung","10":"product_cat-women-bekleidung-oberteile","11":"product_cat-oh-april","13":"first","14":"instock","15":"taxable","16":"shipping-taxable","17":"purchasable","18":"product-type-variable"},"acf":[],"_links":{"self":[{"href":"https:\/\/reyerlooks.com.staging-development.com\/index.php?rest_route=\/wp\/v2\/product\/179553","targetHints":{"allow":["GET"]}}],"collection":[{"href":"https:\/\/reyerlooks.com.staging-development.com\/index.php?rest_route=\/wp\/v2\/product"}],"about":[{"href":"https:\/\/reyerlooks.com.staging-development.com\/index.php?rest_route=\/wp\/v2\/types\/product"}],"replies":[{"embeddable":true,"href":"https:\/\/reyerlooks.com.staging-development.com\/index.php?rest_route=%2Fwp%2Fv2%2Fcomments&post=179553"}],"wp:featuredmedia":[{"embeddable":true,"href":"https:\/\/reyerlooks.com.staging-development.com\/index.php?rest_route=\/wp\/v2\/media\/179659"}],"wp:attachment":[{"href":"https:\/\/reyerlooks.com.staging-development.com\/index.php?rest_route=%2Fwp%2Fv2%2Fmedia&parent=179553"}],"wp:term":[{"taxonomy":"product_cat","embeddable":true,"href":"https:\/\/reyerlooks.com.staging-development.com\/index.php?rest_route=%2Fwp%2Fv2%2Fproduct_cat&post=179553"},{"taxonomy":"product_tag","embeddable":true,"href":"https:\/\/reyerlooks.com.staging-development.com\/index.php?rest_route=%2Fwp%2Fv2%2Fproduct_tag&post=179553"}],"curies":[{"name":"wp","href":"https:\/\/api.w.org\/{rel}","templated":true}]}}