{"id":179519,"date":"2024-10-23T00:07:46","date_gmt":"2024-10-22T22:07:46","guid":{"rendered":"https:\/\/www.reyerlooks.com\/?post_type=product&#038;p=179519"},"modified":"2026-04-21T12:53:55","modified_gmt":"2026-04-21T10:53:55","slug":"tote-bag-braun-leo-ohapril","status":"publish","type":"product","link":"https:\/\/reyerlooks.com.staging-development.com\/?product=tote-bag-braun-leo-ohapril","title":{"rendered":"Tote-Bag NELL"},"content":{"rendered":"<p>in brauner Leo-Optik<br \/>\nmit ros\u00e9f\u00e4rbigen Logo auf der Vorderseite<br \/>\nMa\u00dfe (B x H x T): 37 cm x 37 cm x 6 cm<\/p>\n","protected":false},"excerpt":{"rendered":"<p>in brauner Leo-Optik mit ros\u00e9f\u00e4rbigen Logo auf der Vorderseite Ma\u00dfe (B x H x T): 37 cm x 37 cm x 6 cm<\/p>\n","protected":false},"featured_media":179741,"comment_status":"open","ping_status":"closed","template":"","meta":{"_acf_changed":false,"inline_featured_image":false},"product_cat":[1764,4378,4437,4417,4463,4990],"product_tag":[],"class_list":{"0":"post-179519","1":"product","2":"type-product","3":"status-publish","4":"has-post-thumbnail","6":"product_cat-new-in","7":"product_cat-women","8":"product_cat-women-taschen-shopper","9":"product_cat-women-taschen","10":"product_cat-women-taschen-beuteltaschen","11":"product_cat-oh-april","13":"first","14":"instock","15":"taxable","16":"shipping-taxable","17":"purchasable","18":"product-type-variable"},"acf":[],"_links":{"self":[{"href":"https:\/\/reyerlooks.com.staging-development.com\/index.php?rest_route=\/wp\/v2\/product\/179519","targetHints":{"allow":["GET"]}}],"collection":[{"href":"https:\/\/reyerlooks.com.staging-development.com\/index.php?rest_route=\/wp\/v2\/product"}],"about":[{"href":"https:\/\/reyerlooks.com.staging-development.com\/index.php?rest_route=\/wp\/v2\/types\/product"}],"replies":[{"embeddable":true,"href":"https:\/\/reyerlooks.com.staging-development.com\/index.php?rest_route=%2Fwp%2Fv2%2Fcomments&post=179519"}],"wp:featuredmedia":[{"embeddable":true,"href":"https:\/\/reyerlooks.com.staging-development.com\/index.php?rest_route=\/wp\/v2\/media\/179741"}],"wp:attachment":[{"href":"https:\/\/reyerlooks.com.staging-development.com\/index.php?rest_route=%2Fwp%2Fv2%2Fmedia&parent=179519"}],"wp:term":[{"taxonomy":"product_cat","embeddable":true,"href":"https:\/\/reyerlooks.com.staging-development.com\/index.php?rest_route=%2Fwp%2Fv2%2Fproduct_cat&post=179519"},{"taxonomy":"product_tag","embeddable":true,"href":"https:\/\/reyerlooks.com.staging-development.com\/index.php?rest_route=%2Fwp%2Fv2%2Fproduct_tag&post=179519"}],"curies":[{"name":"wp","href":"https:\/\/api.w.org\/{rel}","templated":true}]}}