{"id":179479,"date":"2024-10-22T00:14:00","date_gmt":"2024-10-21T22:14:00","guid":{"rendered":"https:\/\/www.reyerlooks.com\/?post_type=product&#038;p=179479"},"modified":"2026-04-21T12:53:57","modified_gmt":"2026-04-21T10:53:57","slug":"sweatshirt-dunkelgrau-ohapril","status":"publish","type":"product","link":"https:\/\/reyerlooks.com.staging-development.com\/?product=sweatshirt-dunkelgrau-ohapril","title":{"rendered":"Sweatshirt"},"content":{"rendered":"<p>in Dunkelgrau<br \/>\nmit Logo-Stick in Schwarz<br \/>\nRundhalsausschnitt<br \/>\nLangarm<br \/>\n\u00c4rmelenden, Saum und Ausschnitt mit elastischen Rippb\u00fcndchen<br \/>\nPassform: oversize, f\u00e4llt locker, weiter Schnitt<\/p>\n","protected":false},"excerpt":{"rendered":"<p>in Dunkelgrau mit Logo-Stick in Schwarz Rundhalsausschnitt Langarm \u00c4rmelenden, Saum und Ausschnitt mit elastischen Rippb\u00fcndchen Passform: oversize, f\u00e4llt locker, weiter Schnitt<\/p>\n","protected":false},"featured_media":179688,"comment_status":"open","ping_status":"closed","template":"","meta":{"_acf_changed":false,"inline_featured_image":false},"product_cat":[1764,4378,4386,4394,4396,4990],"product_tag":[],"class_list":{"0":"post-179479","1":"product","2":"type-product","3":"status-publish","4":"has-post-thumbnail","6":"product_cat-new-in","7":"product_cat-women","8":"product_cat-women-bekleidung","9":"product_cat-women-bekleidung-oberteile","10":"product_cat-women-bekleidung-oberteile-sweatshirts","11":"product_cat-oh-april","13":"first","14":"instock","15":"taxable","16":"shipping-taxable","17":"purchasable","18":"product-type-variable"},"acf":[],"_links":{"self":[{"href":"https:\/\/reyerlooks.com.staging-development.com\/index.php?rest_route=\/wp\/v2\/product\/179479","targetHints":{"allow":["GET"]}}],"collection":[{"href":"https:\/\/reyerlooks.com.staging-development.com\/index.php?rest_route=\/wp\/v2\/product"}],"about":[{"href":"https:\/\/reyerlooks.com.staging-development.com\/index.php?rest_route=\/wp\/v2\/types\/product"}],"replies":[{"embeddable":true,"href":"https:\/\/reyerlooks.com.staging-development.com\/index.php?rest_route=%2Fwp%2Fv2%2Fcomments&post=179479"}],"wp:featuredmedia":[{"embeddable":true,"href":"https:\/\/reyerlooks.com.staging-development.com\/index.php?rest_route=\/wp\/v2\/media\/179688"}],"wp:attachment":[{"href":"https:\/\/reyerlooks.com.staging-development.com\/index.php?rest_route=%2Fwp%2Fv2%2Fmedia&parent=179479"}],"wp:term":[{"taxonomy":"product_cat","embeddable":true,"href":"https:\/\/reyerlooks.com.staging-development.com\/index.php?rest_route=%2Fwp%2Fv2%2Fproduct_cat&post=179479"},{"taxonomy":"product_tag","embeddable":true,"href":"https:\/\/reyerlooks.com.staging-development.com\/index.php?rest_route=%2Fwp%2Fv2%2Fproduct_tag&post=179479"}],"curies":[{"name":"wp","href":"https:\/\/api.w.org\/{rel}","templated":true}]}}