{"id":179475,"date":"2024-10-22T00:14:00","date_gmt":"2024-10-21T22:14:00","guid":{"rendered":"https:\/\/www.reyerlooks.com\/?post_type=product&#038;p=179475"},"modified":"2026-04-21T16:10:56","modified_gmt":"2026-04-21T14:10:56","slug":"hoodie-hellgrau-ohapril","status":"publish","type":"product","link":"https:\/\/reyerlooks.com.staging-development.com\/?product=hoodie-hellgrau-ohapril","title":{"rendered":"Hoodie"},"content":{"rendered":"<p>in meliertem Hellgrau<br \/>\nmit dezentem Logo-Stick in Schwarz<br \/>\nmit Kapuze<br \/>\n\u00c4rmelenden und Saum mit Rippb\u00fcndchen<br \/>\nK\u00e4nguru-Tasche vorne<br \/>\nangenehmes, weiches Material<br \/>\nPassform: Boyfriend-Schnitt, oversize, weite \u00c4rmel, f\u00e4llt k\u00fcrzer aus<\/p>\n","protected":false},"excerpt":{"rendered":"<p>in meliertem Hellgrau mit dezentem Logo-Stick in Schwarz mit Kapuze \u00c4rmelenden und Saum mit Rippb\u00fcndchen K\u00e4nguru-Tasche vorne angenehmes, weiches Material Passform: Boyfriend-Schnitt, oversize, weite \u00c4rmel, f\u00e4llt k\u00fcrzer aus<\/p>\n","protected":false},"featured_media":179672,"comment_status":"open","ping_status":"closed","template":"","meta":{"_acf_changed":false,"inline_featured_image":false},"product_cat":[1764,4378,4386,4394,4396,4990],"product_tag":[],"class_list":{"0":"post-179475","1":"product","2":"type-product","3":"status-publish","4":"has-post-thumbnail","6":"product_cat-new-in","7":"product_cat-women","8":"product_cat-women-bekleidung","9":"product_cat-women-bekleidung-oberteile","10":"product_cat-women-bekleidung-oberteile-sweatshirts","11":"product_cat-oh-april","13":"first","14":"instock","15":"taxable","16":"shipping-taxable","17":"purchasable","18":"product-type-variable"},"acf":[],"_links":{"self":[{"href":"https:\/\/reyerlooks.com.staging-development.com\/index.php?rest_route=\/wp\/v2\/product\/179475","targetHints":{"allow":["GET"]}}],"collection":[{"href":"https:\/\/reyerlooks.com.staging-development.com\/index.php?rest_route=\/wp\/v2\/product"}],"about":[{"href":"https:\/\/reyerlooks.com.staging-development.com\/index.php?rest_route=\/wp\/v2\/types\/product"}],"replies":[{"embeddable":true,"href":"https:\/\/reyerlooks.com.staging-development.com\/index.php?rest_route=%2Fwp%2Fv2%2Fcomments&post=179475"}],"wp:featuredmedia":[{"embeddable":true,"href":"https:\/\/reyerlooks.com.staging-development.com\/index.php?rest_route=\/wp\/v2\/media\/179672"}],"wp:attachment":[{"href":"https:\/\/reyerlooks.com.staging-development.com\/index.php?rest_route=%2Fwp%2Fv2%2Fmedia&parent=179475"}],"wp:term":[{"taxonomy":"product_cat","embeddable":true,"href":"https:\/\/reyerlooks.com.staging-development.com\/index.php?rest_route=%2Fwp%2Fv2%2Fproduct_cat&post=179475"},{"taxonomy":"product_tag","embeddable":true,"href":"https:\/\/reyerlooks.com.staging-development.com\/index.php?rest_route=%2Fwp%2Fv2%2Fproduct_tag&post=179475"}],"curies":[{"name":"wp","href":"https:\/\/api.w.org\/{rel}","templated":true}]}}