{"id":179279,"date":"2024-10-15T14:38:18","date_gmt":"2024-10-15T12:38:18","guid":{"rendered":"https:\/\/www.reyerlooks.com\/?post_type=product&#038;p=179279"},"modified":"2026-04-15T12:36:29","modified_gmt":"2026-04-15T10:36:29","slug":"sweatshirt-creme-ami-paris","status":"publish","type":"product","link":"https:\/\/reyerlooks.com.staging-development.com\/?product=sweatshirt-creme-ami-paris","title":{"rendered":"Sweatshirt"},"content":{"rendered":"<p>in Creme<br \/>\nNeopren-Haptik<br \/>\nRundhalsausschnitt mit elastischen B\u00fcndchen<br \/>\n\u00fcberschnittene Schultern<br \/>\nLangarm<br \/>\nsehr leichtes Material<br \/>\nPassform: gerader Schnitt, f\u00e4llt locker<\/p>\n","protected":false},"excerpt":{"rendered":"<p>in Creme Neopren-Haptik Rundhalsausschnitt mit elastischen B\u00fcndchen \u00fcberschnittene Schultern Langarm sehr leichtes Material Passform: gerader Schnitt, f\u00e4llt locker<\/p>\n","protected":false},"featured_media":179292,"comment_status":"open","ping_status":"closed","template":"","meta":{"_acf_changed":false,"inline_featured_image":false},"product_cat":[1764,4378,4386,4394,4852,4396],"product_tag":[],"class_list":{"0":"post-179279","1":"product","2":"type-product","3":"status-publish","4":"has-post-thumbnail","6":"product_cat-new-in","7":"product_cat-women","8":"product_cat-women-bekleidung","9":"product_cat-women-bekleidung-oberteile","10":"product_cat-ami-paris","11":"product_cat-women-bekleidung-oberteile-sweatshirts","13":"first","14":"instock","15":"taxable","16":"shipping-taxable","17":"purchasable","18":"product-type-variable"},"acf":[],"_links":{"self":[{"href":"https:\/\/reyerlooks.com.staging-development.com\/index.php?rest_route=\/wp\/v2\/product\/179279","targetHints":{"allow":["GET"]}}],"collection":[{"href":"https:\/\/reyerlooks.com.staging-development.com\/index.php?rest_route=\/wp\/v2\/product"}],"about":[{"href":"https:\/\/reyerlooks.com.staging-development.com\/index.php?rest_route=\/wp\/v2\/types\/product"}],"replies":[{"embeddable":true,"href":"https:\/\/reyerlooks.com.staging-development.com\/index.php?rest_route=%2Fwp%2Fv2%2Fcomments&post=179279"}],"wp:featuredmedia":[{"embeddable":true,"href":"https:\/\/reyerlooks.com.staging-development.com\/index.php?rest_route=\/wp\/v2\/media\/179292"}],"wp:attachment":[{"href":"https:\/\/reyerlooks.com.staging-development.com\/index.php?rest_route=%2Fwp%2Fv2%2Fmedia&parent=179279"}],"wp:term":[{"taxonomy":"product_cat","embeddable":true,"href":"https:\/\/reyerlooks.com.staging-development.com\/index.php?rest_route=%2Fwp%2Fv2%2Fproduct_cat&post=179279"},{"taxonomy":"product_tag","embeddable":true,"href":"https:\/\/reyerlooks.com.staging-development.com\/index.php?rest_route=%2Fwp%2Fv2%2Fproduct_tag&post=179279"}],"curies":[{"name":"wp","href":"https:\/\/api.w.org\/{rel}","templated":true}]}}