{"id":178236,"date":"2024-09-17T12:01:14","date_gmt":"2024-09-17T10:01:14","guid":{"rendered":"https:\/\/www.reyerlooks.com\/?post_type=product&#038;p=178236"},"modified":"2026-04-21T11:25:57","modified_gmt":"2026-04-21T09:25:57","slug":"kaschmirpullover-grau-themercerny","status":"publish","type":"product","link":"https:\/\/reyerlooks.com.staging-development.com\/?product=kaschmirpullover-grau-themercerny","title":{"rendered":"Kaschmir-Pullover"},"content":{"rendered":"<p class=\"p1\">in Grau<br \/>\nLangarm<br \/>\nRundhalsausschnitt<br \/>\nRippb\u00fcndchen an Saum, \u00c4rmelenden und Ausschnitt<br \/>\nweiches Material<br \/>\nPassform: gerader, lockerer Schnitt, \u00fcberschnittene Schultern<\/p>\n","protected":false},"excerpt":{"rendered":"<p>in Grau Langarm Rundhalsausschnitt Rippb\u00fcndchen an Saum, \u00c4rmelenden und Ausschnitt weiches Material Passform: gerader, lockerer Schnitt, \u00fcberschnittene Schultern<\/p>\n","protected":false},"featured_media":178334,"comment_status":"open","ping_status":"closed","template":"","meta":{"_acf_changed":false,"inline_featured_image":false},"product_cat":[4378,4386,4413,4414,1652],"product_tag":[],"class_list":{"0":"post-178236","1":"product","2":"type-product","3":"status-publish","4":"has-post-thumbnail","6":"product_cat-women","7":"product_cat-women-bekleidung","8":"product_cat-women-bekleidung-strick","9":"product_cat-women-bekleidung-strick-pullover","10":"product_cat-the-mercer-n-y","12":"first","13":"instock","14":"taxable","15":"shipping-taxable","16":"purchasable","17":"product-type-variable"},"acf":[],"_links":{"self":[{"href":"https:\/\/reyerlooks.com.staging-development.com\/index.php?rest_route=\/wp\/v2\/product\/178236","targetHints":{"allow":["GET"]}}],"collection":[{"href":"https:\/\/reyerlooks.com.staging-development.com\/index.php?rest_route=\/wp\/v2\/product"}],"about":[{"href":"https:\/\/reyerlooks.com.staging-development.com\/index.php?rest_route=\/wp\/v2\/types\/product"}],"replies":[{"embeddable":true,"href":"https:\/\/reyerlooks.com.staging-development.com\/index.php?rest_route=%2Fwp%2Fv2%2Fcomments&post=178236"}],"wp:featuredmedia":[{"embeddable":true,"href":"https:\/\/reyerlooks.com.staging-development.com\/index.php?rest_route=\/wp\/v2\/media\/178334"}],"wp:attachment":[{"href":"https:\/\/reyerlooks.com.staging-development.com\/index.php?rest_route=%2Fwp%2Fv2%2Fmedia&parent=178236"}],"wp:term":[{"taxonomy":"product_cat","embeddable":true,"href":"https:\/\/reyerlooks.com.staging-development.com\/index.php?rest_route=%2Fwp%2Fv2%2Fproduct_cat&post=178236"},{"taxonomy":"product_tag","embeddable":true,"href":"https:\/\/reyerlooks.com.staging-development.com\/index.php?rest_route=%2Fwp%2Fv2%2Fproduct_tag&post=178236"}],"curies":[{"name":"wp","href":"https:\/\/api.w.org\/{rel}","templated":true}]}}