{"id":178162,"date":"2024-09-17T00:05:46","date_gmt":"2024-09-16T22:05:46","guid":{"rendered":"https:\/\/www.reyerlooks.com\/?post_type=product&#038;p=178162"},"modified":"2026-04-16T05:53:33","modified_gmt":"2026-04-16T03:53:33","slug":"kaschmirpullover-mila-beige-lisayang","status":"publish","type":"product","link":"https:\/\/reyerlooks.com.staging-development.com\/?product=kaschmirpullover-mila-beige-lisayang","title":{"rendered":"Kaschmir-Pullover MILA"},"content":{"rendered":"<p class=\"p1\">in Beige<br \/>\nmit Rundhalsausschnitt<br \/>\nFeinstrick<br \/>\n\u00c4rmelenden, Kragen und Saum mit Rippb\u00fcndchen<br \/>\nhinten verl\u00e4ngert<br \/>\nweiches, w\u00e4rmendes Material<br \/>\nPassform: lockerer Schnitt, f\u00e4llt etwas gr\u00f6\u00dfer aus, \u00fcberschnittene Schultern<\/p>\n","protected":false},"excerpt":{"rendered":"<p>in Beige mit Rundhalsausschnitt Feinstrick \u00c4rmelenden, Kragen und Saum mit Rippb\u00fcndchen hinten verl\u00e4ngert weiches, w\u00e4rmendes Material Passform: lockerer Schnitt, f\u00e4llt etwas gr\u00f6\u00dfer aus, \u00fcberschnittene Schultern<\/p>\n","protected":false},"featured_media":178331,"comment_status":"open","ping_status":"closed","template":"","meta":{"_acf_changed":false,"inline_featured_image":false},"product_cat":[4378,4386,4413,4414,4630],"product_tag":[],"class_list":{"0":"post-178162","1":"product","2":"type-product","3":"status-publish","4":"has-post-thumbnail","6":"product_cat-women","7":"product_cat-women-bekleidung","8":"product_cat-women-bekleidung-strick","9":"product_cat-women-bekleidung-strick-pullover","10":"product_cat-lisa-yang","12":"first","13":"instock","14":"taxable","15":"shipping-taxable","16":"purchasable","17":"product-type-variable"},"acf":[],"_links":{"self":[{"href":"https:\/\/reyerlooks.com.staging-development.com\/index.php?rest_route=\/wp\/v2\/product\/178162","targetHints":{"allow":["GET"]}}],"collection":[{"href":"https:\/\/reyerlooks.com.staging-development.com\/index.php?rest_route=\/wp\/v2\/product"}],"about":[{"href":"https:\/\/reyerlooks.com.staging-development.com\/index.php?rest_route=\/wp\/v2\/types\/product"}],"replies":[{"embeddable":true,"href":"https:\/\/reyerlooks.com.staging-development.com\/index.php?rest_route=%2Fwp%2Fv2%2Fcomments&post=178162"}],"wp:featuredmedia":[{"embeddable":true,"href":"https:\/\/reyerlooks.com.staging-development.com\/index.php?rest_route=\/wp\/v2\/media\/178331"}],"wp:attachment":[{"href":"https:\/\/reyerlooks.com.staging-development.com\/index.php?rest_route=%2Fwp%2Fv2%2Fmedia&parent=178162"}],"wp:term":[{"taxonomy":"product_cat","embeddable":true,"href":"https:\/\/reyerlooks.com.staging-development.com\/index.php?rest_route=%2Fwp%2Fv2%2Fproduct_cat&post=178162"},{"taxonomy":"product_tag","embeddable":true,"href":"https:\/\/reyerlooks.com.staging-development.com\/index.php?rest_route=%2Fwp%2Fv2%2Fproduct_tag&post=178162"}],"curies":[{"name":"wp","href":"https:\/\/api.w.org\/{rel}","templated":true}]}}