{"id":178149,"date":"2024-09-17T00:05:14","date_gmt":"2024-09-16T22:05:14","guid":{"rendered":"https:\/\/www.reyerlooks.com\/?post_type=product&#038;p=178149"},"modified":"2026-04-21T11:25:58","modified_gmt":"2026-04-21T09:25:58","slug":"jacke-josie-dunkelgrau-daddysdaughters","status":"publish","type":"product","link":"https:\/\/reyerlooks.com.staging-development.com\/?product=jacke-josie-dunkelgrau-daddysdaughters","title":{"rendered":"Jacke JOSIE"},"content":{"rendered":"<p class=\"p1\">in Dunkelgrau<br \/>\nRundhalsausschnitt<br \/>\nleichter Stehkragen<br \/>\nschlie\u00dft mit Kn\u00f6pfe in Hornoptik<br \/>\nzwei aufgesetzte Brusttaschen<br \/>\nLangarm<br \/>\nRaffung am Saum<br \/>\nungef\u00fcttertes, weiches Material<br \/>\nPassform: leicht verk\u00fcrzt, gerader Schnitt<\/p>\n","protected":false},"excerpt":{"rendered":"<p>in Dunkelgrau Rundhalsausschnitt leichter Stehkragen schlie\u00dft mit Kn\u00f6pfe in Hornoptik zwei aufgesetzte Brusttaschen Langarm Raffung am Saum ungef\u00fcttertes, weiches Material Passform: leicht verk\u00fcrzt, gerader Schnitt<\/p>\n","protected":false},"featured_media":178202,"comment_status":"open","ping_status":"closed","template":"","meta":{"_acf_changed":false,"inline_featured_image":false},"product_cat":[4378,4386,4397,4448,4856],"product_tag":[],"class_list":{"0":"post-178149","1":"product","2":"type-product","3":"status-publish","4":"has-post-thumbnail","6":"product_cat-women","7":"product_cat-women-bekleidung","8":"product_cat-women-bekleidung-jacken","9":"product_cat-women-bekleidung-jacken-casual-jacken","10":"product_cat-daddy-s-daughters","12":"first","13":"outofstock","14":"taxable","15":"shipping-taxable","16":"product-type-variable"},"acf":[],"_links":{"self":[{"href":"https:\/\/reyerlooks.com.staging-development.com\/index.php?rest_route=\/wp\/v2\/product\/178149","targetHints":{"allow":["GET"]}}],"collection":[{"href":"https:\/\/reyerlooks.com.staging-development.com\/index.php?rest_route=\/wp\/v2\/product"}],"about":[{"href":"https:\/\/reyerlooks.com.staging-development.com\/index.php?rest_route=\/wp\/v2\/types\/product"}],"replies":[{"embeddable":true,"href":"https:\/\/reyerlooks.com.staging-development.com\/index.php?rest_route=%2Fwp%2Fv2%2Fcomments&post=178149"}],"wp:featuredmedia":[{"embeddable":true,"href":"https:\/\/reyerlooks.com.staging-development.com\/index.php?rest_route=\/wp\/v2\/media\/178202"}],"wp:attachment":[{"href":"https:\/\/reyerlooks.com.staging-development.com\/index.php?rest_route=%2Fwp%2Fv2%2Fmedia&parent=178149"}],"wp:term":[{"taxonomy":"product_cat","embeddable":true,"href":"https:\/\/reyerlooks.com.staging-development.com\/index.php?rest_route=%2Fwp%2Fv2%2Fproduct_cat&post=178149"},{"taxonomy":"product_tag","embeddable":true,"href":"https:\/\/reyerlooks.com.staging-development.com\/index.php?rest_route=%2Fwp%2Fv2%2Fproduct_tag&post=178149"}],"curies":[{"name":"wp","href":"https:\/\/api.w.org\/{rel}","templated":true}]}}