{"id":178135,"date":"2024-09-17T00:05:12","date_gmt":"2024-09-16T22:05:12","guid":{"rendered":"https:\/\/www.reyerlooks.com\/?post_type=product&#038;p=178135"},"modified":"2026-04-16T04:37:45","modified_gmt":"2026-04-16T02:37:45","slug":"turtle-pullover-hornell-rosa-daddysdaughters","status":"publish","type":"product","link":"https:\/\/reyerlooks.com.staging-development.com\/?product=turtle-pullover-hornell-rosa-daddysdaughters","title":{"rendered":"Turtle-Pullover"},"content":{"rendered":"<p class=\"p1\" style=\"margin: 0px; font-size: 12px; line-height: normal; font-family: Helvetica; color: #000000;\">in Rosa<\/p>\n<p class=\"p1\" style=\"margin: 0px; font-size: 12px; line-height: normal; font-family: Helvetica; color: #000000;\">mit Turtle-Kragen<\/p>\n<p class=\"p1\" style=\"margin: 0px; font-size: 12px; line-height: normal; font-family: Helvetica; color: #000000;\">Feinstrick<\/p>\n<p class=\"p1\" style=\"margin: 0px; font-size: 12px; line-height: normal; font-family: Helvetica; color: #000000;\">Langarm<\/p>\n<p class=\"p1\" style=\"margin: 0px; font-size: 12px; line-height: normal; font-family: Helvetica; color: #000000;\">Seitliche Schlitze<\/p>\n<p class=\"p1\" style=\"margin: 0px; font-size: 12px; line-height: normal; font-family: Helvetica; color: #000000;\">hinten leicht verl\u00e4ngert<\/p>\n<p class=\"p1\" style=\"margin: 0px; font-size: 12px; line-height: normal; font-family: Helvetica; color: #000000;\">Rippb\u00fcndchen an Kragen, Saum und \u00c4rmelenden<\/p>\n<p class=\"p1\" style=\"margin: 0px; font-size: 12px; line-height: normal; font-family: Helvetica; color: #000000;\">weiches Material<\/p>\n<p class=\"p1\" style=\"margin: 0px; font-size: 12px; line-height: normal; font-family: Helvetica; color: #000000;\">Passform: lockerer Schnitt, \u00fcberschnittene Schultern<\/p>\n","protected":false},"excerpt":{"rendered":"<p>in Rosa mit Turtle-Kragen Feinstrick Langarm Seitliche Schlitze hinten leicht verl\u00e4ngert Rippb\u00fcndchen an Kragen, Saum und \u00c4rmelenden weiches Material Passform: lockerer Schnitt, \u00fcberschnittene Schultern<\/p>\n","protected":false},"featured_media":178190,"comment_status":"open","ping_status":"closed","template":"","meta":{"_acf_changed":false,"inline_featured_image":false},"product_cat":[4378,4386,4413,4414,4856],"product_tag":[],"class_list":{"0":"post-178135","1":"product","2":"type-product","3":"status-publish","4":"has-post-thumbnail","6":"product_cat-women","7":"product_cat-women-bekleidung","8":"product_cat-women-bekleidung-strick","9":"product_cat-women-bekleidung-strick-pullover","10":"product_cat-daddy-s-daughters","12":"first","13":"instock","14":"taxable","15":"shipping-taxable","16":"purchasable","17":"product-type-variable"},"acf":[],"_links":{"self":[{"href":"https:\/\/reyerlooks.com.staging-development.com\/index.php?rest_route=\/wp\/v2\/product\/178135","targetHints":{"allow":["GET"]}}],"collection":[{"href":"https:\/\/reyerlooks.com.staging-development.com\/index.php?rest_route=\/wp\/v2\/product"}],"about":[{"href":"https:\/\/reyerlooks.com.staging-development.com\/index.php?rest_route=\/wp\/v2\/types\/product"}],"replies":[{"embeddable":true,"href":"https:\/\/reyerlooks.com.staging-development.com\/index.php?rest_route=%2Fwp%2Fv2%2Fcomments&post=178135"}],"wp:featuredmedia":[{"embeddable":true,"href":"https:\/\/reyerlooks.com.staging-development.com\/index.php?rest_route=\/wp\/v2\/media\/178190"}],"wp:attachment":[{"href":"https:\/\/reyerlooks.com.staging-development.com\/index.php?rest_route=%2Fwp%2Fv2%2Fmedia&parent=178135"}],"wp:term":[{"taxonomy":"product_cat","embeddable":true,"href":"https:\/\/reyerlooks.com.staging-development.com\/index.php?rest_route=%2Fwp%2Fv2%2Fproduct_cat&post=178135"},{"taxonomy":"product_tag","embeddable":true,"href":"https:\/\/reyerlooks.com.staging-development.com\/index.php?rest_route=%2Fwp%2Fv2%2Fproduct_tag&post=178135"}],"curies":[{"name":"wp","href":"https:\/\/api.w.org\/{rel}","templated":true}]}}