{"id":177916,"date":"2024-09-13T12:04:32","date_gmt":"2024-09-13T10:04:32","guid":{"rendered":"https:\/\/www.reyerlooks.com\/?post_type=product&#038;p=177916"},"modified":"2026-04-16T05:08:09","modified_gmt":"2026-04-16T03:08:09","slug":"blazer-rick-dunkelblau-reyer","status":"publish","type":"product","link":"https:\/\/reyerlooks.com.staging-development.com\/?product=blazer-rick-dunkelblau-reyer","title":{"rendered":"Oversize Woll-Blazer"},"content":{"rendered":"<p class=\"p1\">in Dunkelblau<br \/>\nReverskragen<br \/>\nschlie\u00dft mit einem Knopf<br \/>\nzugen\u00e4hte Paspeltasche auf Brusth\u00f6he<br \/>\nzugen\u00e4hte Pattentaschen vorne mit Klappe<br \/>\nLangarm<br \/>\nPassform: leicht Oversize, leicht \u00fcberschnittene Schultern, passgenau<\/p>\n","protected":false},"excerpt":{"rendered":"<p>in Dunkelblau Reverskragen schlie\u00dft mit einem Knopf zugen\u00e4hte Paspeltasche auf Brusth\u00f6he zugen\u00e4hte Pattentaschen vorne mit Klappe Langarm Passform: leicht Oversize, leicht \u00fcberschnittene Schultern, passgenau<\/p>\n","protected":false},"featured_media":178724,"comment_status":"open","ping_status":"closed","template":"","meta":{"_acf_changed":false,"inline_featured_image":false},"product_cat":[4378,4386,4397,4398,1690],"product_tag":[],"class_list":{"0":"post-177916","1":"product","2":"type-product","3":"status-publish","4":"has-post-thumbnail","6":"product_cat-women","7":"product_cat-women-bekleidung","8":"product_cat-women-bekleidung-jacken","9":"product_cat-women-bekleidung-jacken-blazer","10":"product_cat-reyer","12":"first","13":"outofstock","14":"taxable","15":"shipping-taxable","16":"product-type-variable"},"acf":[],"_links":{"self":[{"href":"https:\/\/reyerlooks.com.staging-development.com\/index.php?rest_route=\/wp\/v2\/product\/177916","targetHints":{"allow":["GET"]}}],"collection":[{"href":"https:\/\/reyerlooks.com.staging-development.com\/index.php?rest_route=\/wp\/v2\/product"}],"about":[{"href":"https:\/\/reyerlooks.com.staging-development.com\/index.php?rest_route=\/wp\/v2\/types\/product"}],"replies":[{"embeddable":true,"href":"https:\/\/reyerlooks.com.staging-development.com\/index.php?rest_route=%2Fwp%2Fv2%2Fcomments&post=177916"}],"wp:featuredmedia":[{"embeddable":true,"href":"https:\/\/reyerlooks.com.staging-development.com\/index.php?rest_route=\/wp\/v2\/media\/178724"}],"wp:attachment":[{"href":"https:\/\/reyerlooks.com.staging-development.com\/index.php?rest_route=%2Fwp%2Fv2%2Fmedia&parent=177916"}],"wp:term":[{"taxonomy":"product_cat","embeddable":true,"href":"https:\/\/reyerlooks.com.staging-development.com\/index.php?rest_route=%2Fwp%2Fv2%2Fproduct_cat&post=177916"},{"taxonomy":"product_tag","embeddable":true,"href":"https:\/\/reyerlooks.com.staging-development.com\/index.php?rest_route=%2Fwp%2Fv2%2Fproduct_tag&post=177916"}],"curies":[{"name":"wp","href":"https:\/\/api.w.org\/{rel}","templated":true}]}}