{"id":177881,"date":"2024-09-13T12:04:23","date_gmt":"2024-09-13T10:04:23","guid":{"rendered":"https:\/\/www.reyerlooks.com\/?post_type=product&#038;p=177881"},"modified":"2026-04-15T12:36:34","modified_gmt":"2026-04-15T10:36:34","slug":"mantel-klara-grau-reyer","status":"publish","type":"product","link":"https:\/\/reyerlooks.com.staging-development.com\/?product=mantel-klara-grau-reyer","title":{"rendered":"Oversize Woll-Mantel"},"content":{"rendered":"<p class=\"p1\">in Grau<br \/>\nReverskragen<br \/>\nschlie\u00dft mit drei Kn\u00f6pfen<br \/>\nzugen\u00e4hte Pattentaschen vorne mit Klappe<br \/>\nLangarm<br \/>\nPassform: leicht Oversize, \u00fcberschnittene Schultern, passgenau, reicht circa bis zur Wade<\/p>\n","protected":false},"excerpt":{"rendered":"<p>in Grau Reverskragen schlie\u00dft mit drei Kn\u00f6pfen zugen\u00e4hte Pattentaschen vorne mit Klappe Langarm Passform: leicht Oversize, \u00fcberschnittene Schultern, passgenau, reicht circa bis zur Wade<\/p>\n","protected":false},"featured_media":177955,"comment_status":"open","ping_status":"closed","template":"","meta":{"_acf_changed":false,"inline_featured_image":false},"product_cat":[4378,4386,4422,4430,1690],"product_tag":[],"class_list":{"0":"post-177881","1":"product","2":"type-product","3":"status-publish","4":"has-post-thumbnail","6":"product_cat-women","7":"product_cat-women-bekleidung","8":"product_cat-women-bekleidung-mantel","9":"product_cat-women-bekleidung-mantel-wollmantel","10":"product_cat-reyer","12":"first","13":"instock","14":"taxable","15":"shipping-taxable","16":"purchasable","17":"product-type-variable"},"acf":[],"_links":{"self":[{"href":"https:\/\/reyerlooks.com.staging-development.com\/index.php?rest_route=\/wp\/v2\/product\/177881","targetHints":{"allow":["GET"]}}],"collection":[{"href":"https:\/\/reyerlooks.com.staging-development.com\/index.php?rest_route=\/wp\/v2\/product"}],"about":[{"href":"https:\/\/reyerlooks.com.staging-development.com\/index.php?rest_route=\/wp\/v2\/types\/product"}],"replies":[{"embeddable":true,"href":"https:\/\/reyerlooks.com.staging-development.com\/index.php?rest_route=%2Fwp%2Fv2%2Fcomments&post=177881"}],"wp:featuredmedia":[{"embeddable":true,"href":"https:\/\/reyerlooks.com.staging-development.com\/index.php?rest_route=\/wp\/v2\/media\/177955"}],"wp:attachment":[{"href":"https:\/\/reyerlooks.com.staging-development.com\/index.php?rest_route=%2Fwp%2Fv2%2Fmedia&parent=177881"}],"wp:term":[{"taxonomy":"product_cat","embeddable":true,"href":"https:\/\/reyerlooks.com.staging-development.com\/index.php?rest_route=%2Fwp%2Fv2%2Fproduct_cat&post=177881"},{"taxonomy":"product_tag","embeddable":true,"href":"https:\/\/reyerlooks.com.staging-development.com\/index.php?rest_route=%2Fwp%2Fv2%2Fproduct_tag&post=177881"}],"curies":[{"name":"wp","href":"https:\/\/api.w.org\/{rel}","templated":true}]}}