{"id":177327,"date":"2024-09-07T00:06:41","date_gmt":"2024-09-06T22:06:41","guid":{"rendered":"https:\/\/www.reyerlooks.com\/?post_type=product&#038;p=177327"},"modified":"2026-04-21T13:23:40","modified_gmt":"2026-04-21T11:23:40","slug":"boyfriend-jeans-american-blau-agjeans","status":"publish","type":"product","link":"https:\/\/reyerlooks.com.staging-development.com\/?product=boyfriend-jeans-american-blau-agjeans","title":{"rendered":"Jeans AMERICAN"},"content":{"rendered":"<p class=\"p1\">in Blau<br \/>\n5-Pocket-Style<br \/>\nschlie\u00dft mit Knopf und Zip<br \/>\nG\u00fcrtelschlaufen<br \/>\nangenehmes, weiches Material<br \/>\nleicht elastisch<br \/>\nPassform: l\u00e4ssiger, enger Schnitt, kn\u00f6chellang, Mid Waist<\/p>\n","protected":false},"excerpt":{"rendered":"<p>in Blau 5-Pocket-Style schlie\u00dft mit Knopf und Zip G\u00fcrtelschlaufen angenehmes, weiches Material leicht elastisch Passform: l\u00e4ssiger, enger Schnitt, kn\u00f6chellang, Mid Waist<\/p>\n","protected":false},"featured_media":177405,"comment_status":"open","ping_status":"closed","template":"","meta":{"_acf_changed":false,"inline_featured_image":false},"product_cat":[4378,4457,4386,4408,1943],"product_tag":[],"class_list":{"0":"post-177327","1":"product","2":"type-product","3":"status-publish","4":"has-post-thumbnail","6":"product_cat-women","7":"product_cat-women-bekleidung-jeans-boyfriend-jeans","8":"product_cat-women-bekleidung","9":"product_cat-women-bekleidung-jeans","10":"product_cat-ag-jeans","12":"first","13":"instock","14":"taxable","15":"shipping-taxable","16":"purchasable","17":"product-type-variable"},"acf":[],"_links":{"self":[{"href":"https:\/\/reyerlooks.com.staging-development.com\/index.php?rest_route=\/wp\/v2\/product\/177327","targetHints":{"allow":["GET"]}}],"collection":[{"href":"https:\/\/reyerlooks.com.staging-development.com\/index.php?rest_route=\/wp\/v2\/product"}],"about":[{"href":"https:\/\/reyerlooks.com.staging-development.com\/index.php?rest_route=\/wp\/v2\/types\/product"}],"replies":[{"embeddable":true,"href":"https:\/\/reyerlooks.com.staging-development.com\/index.php?rest_route=%2Fwp%2Fv2%2Fcomments&post=177327"}],"wp:featuredmedia":[{"embeddable":true,"href":"https:\/\/reyerlooks.com.staging-development.com\/index.php?rest_route=\/wp\/v2\/media\/177405"}],"wp:attachment":[{"href":"https:\/\/reyerlooks.com.staging-development.com\/index.php?rest_route=%2Fwp%2Fv2%2Fmedia&parent=177327"}],"wp:term":[{"taxonomy":"product_cat","embeddable":true,"href":"https:\/\/reyerlooks.com.staging-development.com\/index.php?rest_route=%2Fwp%2Fv2%2Fproduct_cat&post=177327"},{"taxonomy":"product_tag","embeddable":true,"href":"https:\/\/reyerlooks.com.staging-development.com\/index.php?rest_route=%2Fwp%2Fv2%2Fproduct_tag&post=177327"}],"curies":[{"name":"wp","href":"https:\/\/api.w.org\/{rel}","templated":true}]}}