{"id":176936,"date":"2024-09-05T00:07:01","date_gmt":"2024-09-04T22:07:01","guid":{"rendered":"https:\/\/www.reyerlooks.com\/?post_type=product&#038;p=176936"},"modified":"2026-04-21T14:12:44","modified_gmt":"2026-04-21T12:12:44","slug":"rollkragenpullover-heidi-blau-lisayang","status":"publish","type":"product","link":"https:\/\/reyerlooks.com.staging-development.com\/?product=rollkragenpullover-heidi-blau-lisayang","title":{"rendered":"Rolli HEIDI"},"content":{"rendered":"<p class=\"p1\">in Blau<br \/>\nFeinstrick<br \/>\n\u00c4rmelenden, Rollkragen und Saum mit Rippb\u00fcndchen<br \/>\nRollkragen<br \/>\nhinten verl\u00e4ngert<br \/>\nsanftes, w\u00e4rmendes Material<br \/>\nPassform: gerader und lockerer Schnitt, f\u00e4llt etwas gr\u00f6\u00dfer aus<\/p>\n","protected":false},"excerpt":{"rendered":"<p>in Blau Feinstrick \u00c4rmelenden, Rollkragen und Saum mit Rippb\u00fcndchen Rollkragen hinten verl\u00e4ngert sanftes, w\u00e4rmendes Material Passform: gerader und lockerer Schnitt, f\u00e4llt etwas gr\u00f6\u00dfer aus<\/p>\n","protected":false},"featured_media":177684,"comment_status":"open","ping_status":"closed","template":"","meta":{"_acf_changed":false,"inline_featured_image":false},"product_cat":[4378,4438,4386,4413,4630],"product_tag":[],"class_list":{"0":"post-176936","1":"product","2":"type-product","3":"status-publish","4":"has-post-thumbnail","6":"product_cat-women","7":"product_cat-women-bekleidung-strick-rollkragenpullover","8":"product_cat-women-bekleidung","9":"product_cat-women-bekleidung-strick","10":"product_cat-lisa-yang","12":"first","13":"outofstock","14":"taxable","15":"shipping-taxable","16":"product-type-variable"},"acf":[],"_links":{"self":[{"href":"https:\/\/reyerlooks.com.staging-development.com\/index.php?rest_route=\/wp\/v2\/product\/176936","targetHints":{"allow":["GET"]}}],"collection":[{"href":"https:\/\/reyerlooks.com.staging-development.com\/index.php?rest_route=\/wp\/v2\/product"}],"about":[{"href":"https:\/\/reyerlooks.com.staging-development.com\/index.php?rest_route=\/wp\/v2\/types\/product"}],"replies":[{"embeddable":true,"href":"https:\/\/reyerlooks.com.staging-development.com\/index.php?rest_route=%2Fwp%2Fv2%2Fcomments&post=176936"}],"wp:featuredmedia":[{"embeddable":true,"href":"https:\/\/reyerlooks.com.staging-development.com\/index.php?rest_route=\/wp\/v2\/media\/177684"}],"wp:attachment":[{"href":"https:\/\/reyerlooks.com.staging-development.com\/index.php?rest_route=%2Fwp%2Fv2%2Fmedia&parent=176936"}],"wp:term":[{"taxonomy":"product_cat","embeddable":true,"href":"https:\/\/reyerlooks.com.staging-development.com\/index.php?rest_route=%2Fwp%2Fv2%2Fproduct_cat&post=176936"},{"taxonomy":"product_tag","embeddable":true,"href":"https:\/\/reyerlooks.com.staging-development.com\/index.php?rest_route=%2Fwp%2Fv2%2Fproduct_tag&post=176936"}],"curies":[{"name":"wp","href":"https:\/\/api.w.org\/{rel}","templated":true}]}}