{"id":176798,"date":"2024-09-03T12:05:52","date_gmt":"2024-09-03T10:05:52","guid":{"rendered":"https:\/\/www.reyerlooks.com\/?post_type=product&#038;p=176798"},"modified":"2026-04-15T12:36:37","modified_gmt":"2026-04-15T10:36:37","slug":"rollkragenpullover-stintino-schwarz-louloustudio","status":"publish","type":"product","link":"https:\/\/reyerlooks.com.staging-development.com\/?product=rollkragenpullover-stintino-schwarz-louloustudio","title":{"rendered":"Rollkragenpullover STINTINO"},"content":{"rendered":"<p class=\"p1\">in Schwarz<br \/>\nRippstrick<br \/>\n\u00c4rmelenden, Rollkragen und Saum mit Rippb\u00fcndchen<br \/>\nRollkragen<br \/>\nsanftes, w\u00e4rmendes Material<br \/>\nPassform: gerader und lockerer Schnitt, f\u00e4llt etwas k\u00fcrzer aus<\/p>\n","protected":false},"excerpt":{"rendered":"<p>in Schwarz Rippstrick \u00c4rmelenden, Rollkragen und Saum mit Rippb\u00fcndchen Rollkragen sanftes, w\u00e4rmendes Material Passform: gerader und lockerer Schnitt, f\u00e4llt etwas k\u00fcrzer aus<\/p>\n","protected":false},"featured_media":176852,"comment_status":"open","ping_status":"closed","template":"","meta":{"_acf_changed":false,"inline_featured_image":false},"product_cat":[4378,4438,4386,4413,4601],"product_tag":[],"class_list":{"0":"post-176798","1":"product","2":"type-product","3":"status-publish","4":"has-post-thumbnail","6":"product_cat-women","7":"product_cat-women-bekleidung-strick-rollkragenpullover","8":"product_cat-women-bekleidung","9":"product_cat-women-bekleidung-strick","10":"product_cat-loulou-studio","12":"first","13":"instock","14":"taxable","15":"shipping-taxable","16":"purchasable","17":"product-type-variable"},"acf":[],"_links":{"self":[{"href":"https:\/\/reyerlooks.com.staging-development.com\/index.php?rest_route=\/wp\/v2\/product\/176798","targetHints":{"allow":["GET"]}}],"collection":[{"href":"https:\/\/reyerlooks.com.staging-development.com\/index.php?rest_route=\/wp\/v2\/product"}],"about":[{"href":"https:\/\/reyerlooks.com.staging-development.com\/index.php?rest_route=\/wp\/v2\/types\/product"}],"replies":[{"embeddable":true,"href":"https:\/\/reyerlooks.com.staging-development.com\/index.php?rest_route=%2Fwp%2Fv2%2Fcomments&post=176798"}],"wp:featuredmedia":[{"embeddable":true,"href":"https:\/\/reyerlooks.com.staging-development.com\/index.php?rest_route=\/wp\/v2\/media\/176852"}],"wp:attachment":[{"href":"https:\/\/reyerlooks.com.staging-development.com\/index.php?rest_route=%2Fwp%2Fv2%2Fmedia&parent=176798"}],"wp:term":[{"taxonomy":"product_cat","embeddable":true,"href":"https:\/\/reyerlooks.com.staging-development.com\/index.php?rest_route=%2Fwp%2Fv2%2Fproduct_cat&post=176798"},{"taxonomy":"product_tag","embeddable":true,"href":"https:\/\/reyerlooks.com.staging-development.com\/index.php?rest_route=%2Fwp%2Fv2%2Fproduct_tag&post=176798"}],"curies":[{"name":"wp","href":"https:\/\/api.w.org\/{rel}","templated":true}]}}