{"id":176233,"date":"2024-08-23T10:22:00","date_gmt":"2024-08-23T08:22:00","guid":{"rendered":"https:\/\/www.reyerlooks.com\/?post_type=product&#038;p=176233"},"modified":"2026-04-21T14:23:38","modified_gmt":"2026-04-21T12:23:38","slug":"wide-leg-hose-noa-flanell-grau-rossi","status":"publish","type":"product","link":"https:\/\/reyerlooks.com.staging-development.com\/?product=wide-leg-hose-noa-flanell-grau-rossi","title":{"rendered":"Wide-Leg Hose NOA FLANELL"},"content":{"rendered":"<p class=\"p1\">in Dunkelgrau<br \/>\nschlie\u00dft mit Zip und Haken<br \/>\nG\u00fcrtelschlaufen<br \/>\nKellerfalten am Bund vorne<br \/>\nseitliche Eingriffstaschen<br \/>\nPaspeltasche hinten<br \/>\nB\u00fcgelfalten vorne und hinten<br \/>\nangenehmes und weiches Material<br \/>\nPassform: High-Waist, weites und langes Bein, tiefer Schritt, l\u00e4ssiger Schnitt, f\u00e4llt etwas gr\u00f6\u00dfer aus<\/p>\n","protected":false},"excerpt":{"rendered":"<p>in Dunkelgrau schlie\u00dft mit Zip und Haken G\u00fcrtelschlaufen Kellerfalten am Bund vorne seitliche Eingriffstaschen Paspeltasche hinten B\u00fcgelfalten vorne und hinten angenehmes und weiches Material Passform: High-Waist, weites und langes Bein, tiefer Schritt, l\u00e4ssiger Schnitt, f\u00e4llt etwas gr\u00f6\u00dfer aus<\/p>\n","protected":false},"featured_media":178791,"comment_status":"open","ping_status":"closed","template":"","meta":{"_acf_changed":false,"inline_featured_image":false},"product_cat":[4387,4378,4386,5009,4399,5006],"product_tag":[],"class_list":{"0":"post-176233","1":"product","2":"type-product","3":"status-publish","4":"has-post-thumbnail","6":"product_cat-women-bekleidung-hosen","7":"product_cat-women","8":"product_cat-women-bekleidung","9":"product_cat-bloggers-choice","10":"product_cat-women-bekleidung-hosen-weites-bein","11":"product_cat-rossi","13":"first","14":"instock","15":"taxable","16":"shipping-taxable","17":"purchasable","18":"product-type-variable"},"acf":[],"_links":{"self":[{"href":"https:\/\/reyerlooks.com.staging-development.com\/index.php?rest_route=\/wp\/v2\/product\/176233","targetHints":{"allow":["GET"]}}],"collection":[{"href":"https:\/\/reyerlooks.com.staging-development.com\/index.php?rest_route=\/wp\/v2\/product"}],"about":[{"href":"https:\/\/reyerlooks.com.staging-development.com\/index.php?rest_route=\/wp\/v2\/types\/product"}],"replies":[{"embeddable":true,"href":"https:\/\/reyerlooks.com.staging-development.com\/index.php?rest_route=%2Fwp%2Fv2%2Fcomments&post=176233"}],"wp:featuredmedia":[{"embeddable":true,"href":"https:\/\/reyerlooks.com.staging-development.com\/index.php?rest_route=\/wp\/v2\/media\/178791"}],"wp:attachment":[{"href":"https:\/\/reyerlooks.com.staging-development.com\/index.php?rest_route=%2Fwp%2Fv2%2Fmedia&parent=176233"}],"wp:term":[{"taxonomy":"product_cat","embeddable":true,"href":"https:\/\/reyerlooks.com.staging-development.com\/index.php?rest_route=%2Fwp%2Fv2%2Fproduct_cat&post=176233"},{"taxonomy":"product_tag","embeddable":true,"href":"https:\/\/reyerlooks.com.staging-development.com\/index.php?rest_route=%2Fwp%2Fv2%2Fproduct_tag&post=176233"}],"curies":[{"name":"wp","href":"https:\/\/api.w.org\/{rel}","templated":true}]}}