{"id":176216,"date":"2024-08-23T09:47:03","date_gmt":"2024-08-23T07:47:03","guid":{"rendered":"https:\/\/www.reyerlooks.com\/?post_type=product&#038;p=176216"},"modified":"2026-04-15T12:36:38","modified_gmt":"2026-04-15T10:36:38","slug":"wideleg-hose-noa-light-weiss-rossi","status":"publish","type":"product","link":"https:\/\/reyerlooks.com.staging-development.com\/?product=wideleg-hose-noa-light-weiss-rossi","title":{"rendered":"Wide-Leg Hose NOA LIGHT"},"content":{"rendered":"<p class=\"p1\">in Wei\u00df<br \/>\nschlie\u00dft mit Zip und Haken<br \/>\nG\u00fcrtelschlaufen<br \/>\nKellerfalten am Bund vorne<br \/>\nseitliche Eingriffstaschen<br \/>\nPaspeltasche hinten<br \/>\nB\u00fcgelfalten vorne und hinten<br \/>\nd\u00fcnnes und transparentes Material<br \/>\nPassform: High-Waist, weites und langes Bein, tiefer Schritt, l\u00e4ssiger Schnitt, f\u00e4llt etwas gr\u00f6\u00dfer aus<\/p>\n","protected":false},"excerpt":{"rendered":"<p>in Wei\u00df schlie\u00dft mit Zip und Haken G\u00fcrtelschlaufen Kellerfalten am Bund vorne seitliche Eingriffstaschen Paspeltasche hinten B\u00fcgelfalten vorne und hinten d\u00fcnnes und transparentes Material Passform: High-Waist, weites und langes Bein, tiefer Schritt, l\u00e4ssiger Schnitt, f\u00e4llt etwas gr\u00f6\u00dfer aus<\/p>\n","protected":false},"featured_media":177030,"comment_status":"open","ping_status":"closed","template":"","meta":{"_acf_changed":false,"inline_featured_image":false},"product_cat":[4378,4387,4386,4399,5006],"product_tag":[],"class_list":{"0":"post-176216","1":"product","2":"type-product","3":"status-publish","4":"has-post-thumbnail","6":"product_cat-women","7":"product_cat-women-bekleidung-hosen","8":"product_cat-women-bekleidung","9":"product_cat-women-bekleidung-hosen-weites-bein","10":"product_cat-rossi","12":"first","13":"instock","14":"taxable","15":"shipping-taxable","16":"purchasable","17":"product-type-variable"},"acf":[],"_links":{"self":[{"href":"https:\/\/reyerlooks.com.staging-development.com\/index.php?rest_route=\/wp\/v2\/product\/176216","targetHints":{"allow":["GET"]}}],"collection":[{"href":"https:\/\/reyerlooks.com.staging-development.com\/index.php?rest_route=\/wp\/v2\/product"}],"about":[{"href":"https:\/\/reyerlooks.com.staging-development.com\/index.php?rest_route=\/wp\/v2\/types\/product"}],"replies":[{"embeddable":true,"href":"https:\/\/reyerlooks.com.staging-development.com\/index.php?rest_route=%2Fwp%2Fv2%2Fcomments&post=176216"}],"wp:featuredmedia":[{"embeddable":true,"href":"https:\/\/reyerlooks.com.staging-development.com\/index.php?rest_route=\/wp\/v2\/media\/177030"}],"wp:attachment":[{"href":"https:\/\/reyerlooks.com.staging-development.com\/index.php?rest_route=%2Fwp%2Fv2%2Fmedia&parent=176216"}],"wp:term":[{"taxonomy":"product_cat","embeddable":true,"href":"https:\/\/reyerlooks.com.staging-development.com\/index.php?rest_route=%2Fwp%2Fv2%2Fproduct_cat&post=176216"},{"taxonomy":"product_tag","embeddable":true,"href":"https:\/\/reyerlooks.com.staging-development.com\/index.php?rest_route=%2Fwp%2Fv2%2Fproduct_tag&post=176216"}],"curies":[{"name":"wp","href":"https:\/\/api.w.org\/{rel}","templated":true}]}}