{"id":176165,"date":"2024-08-23T00:02:47","date_gmt":"2024-08-22T22:02:47","guid":{"rendered":"https:\/\/www.reyerlooks.com\/?post_type=product&#038;p=176165"},"modified":"2026-04-15T12:36:39","modified_gmt":"2026-04-15T10:36:39","slug":"wollschal-gruen-ami-paris","status":"publish","type":"product","link":"https:\/\/reyerlooks.com.staging-development.com\/?product=wollschal-gruen-ami-paris","title":{"rendered":"Wollschal"},"content":{"rendered":"<p>in Salbeigr\u00fcn<br \/>\nmit Logo in Wei\u00df<br \/>\nw\u00e4rmendes Material<br \/>\nmit Fransen<br \/>\nMa\u00dfe: 33 x 243 cm<\/p>\n","protected":false},"excerpt":{"rendered":"<p>in Salbeigr\u00fcn mit Logo in Wei\u00df w\u00e4rmendes Material mit Fransen Ma\u00dfe: 33 x 243 cm<\/p>\n","protected":false},"featured_media":179323,"comment_status":"open","ping_status":"closed","template":"","meta":{"_acf_changed":false,"inline_featured_image":false},"product_cat":[1764,4378,4379,4424,4852],"product_tag":[],"class_list":{"0":"post-176165","1":"product","2":"type-product","3":"status-publish","4":"has-post-thumbnail","6":"product_cat-new-in","7":"product_cat-women","8":"product_cat-women-accessoires","9":"product_cat-women-accessoires-schals","10":"product_cat-ami-paris","12":"first","13":"instock","14":"taxable","15":"shipping-taxable","16":"purchasable","17":"product-type-variable"},"acf":[],"_links":{"self":[{"href":"https:\/\/reyerlooks.com.staging-development.com\/index.php?rest_route=\/wp\/v2\/product\/176165","targetHints":{"allow":["GET"]}}],"collection":[{"href":"https:\/\/reyerlooks.com.staging-development.com\/index.php?rest_route=\/wp\/v2\/product"}],"about":[{"href":"https:\/\/reyerlooks.com.staging-development.com\/index.php?rest_route=\/wp\/v2\/types\/product"}],"replies":[{"embeddable":true,"href":"https:\/\/reyerlooks.com.staging-development.com\/index.php?rest_route=%2Fwp%2Fv2%2Fcomments&post=176165"}],"wp:featuredmedia":[{"embeddable":true,"href":"https:\/\/reyerlooks.com.staging-development.com\/index.php?rest_route=\/wp\/v2\/media\/179323"}],"wp:attachment":[{"href":"https:\/\/reyerlooks.com.staging-development.com\/index.php?rest_route=%2Fwp%2Fv2%2Fmedia&parent=176165"}],"wp:term":[{"taxonomy":"product_cat","embeddable":true,"href":"https:\/\/reyerlooks.com.staging-development.com\/index.php?rest_route=%2Fwp%2Fv2%2Fproduct_cat&post=176165"},{"taxonomy":"product_tag","embeddable":true,"href":"https:\/\/reyerlooks.com.staging-development.com\/index.php?rest_route=%2Fwp%2Fv2%2Fproduct_tag&post=176165"}],"curies":[{"name":"wp","href":"https:\/\/api.w.org\/{rel}","templated":true}]}}