{"id":176163,"date":"2024-08-23T00:02:45","date_gmt":"2024-08-22T22:02:45","guid":{"rendered":"https:\/\/www.reyerlooks.com\/?post_type=product&#038;p=176163"},"modified":"2026-04-15T12:36:39","modified_gmt":"2026-04-15T10:36:39","slug":"wollschal-lila-ami-paris","status":"publish","type":"product","link":"https:\/\/reyerlooks.com.staging-development.com\/?product=wollschal-lila-ami-paris","title":{"rendered":"Wollschal"},"content":{"rendered":"<p>in Lila<br \/>\nmit Logo in Wei\u00df<br \/>\nw\u00e4rmendes Material<br \/>\nmit Fransen<br \/>\nMa\u00dfe: 33 x 243 cm<\/p>\n","protected":false},"excerpt":{"rendered":"<p>in Lila mit Logo in Wei\u00df w\u00e4rmendes Material mit Fransen Ma\u00dfe: 33 x 243 cm<\/p>\n","protected":false},"featured_media":179326,"comment_status":"open","ping_status":"closed","template":"","meta":{"_acf_changed":false,"inline_featured_image":false},"product_cat":[4378,4379,4424,4852],"product_tag":[],"class_list":{"0":"post-176163","1":"product","2":"type-product","3":"status-publish","4":"has-post-thumbnail","6":"product_cat-women","7":"product_cat-women-accessoires","8":"product_cat-women-accessoires-schals","9":"product_cat-ami-paris","11":"first","12":"instock","13":"taxable","14":"shipping-taxable","15":"purchasable","16":"product-type-variable"},"acf":[],"_links":{"self":[{"href":"https:\/\/reyerlooks.com.staging-development.com\/index.php?rest_route=\/wp\/v2\/product\/176163","targetHints":{"allow":["GET"]}}],"collection":[{"href":"https:\/\/reyerlooks.com.staging-development.com\/index.php?rest_route=\/wp\/v2\/product"}],"about":[{"href":"https:\/\/reyerlooks.com.staging-development.com\/index.php?rest_route=\/wp\/v2\/types\/product"}],"replies":[{"embeddable":true,"href":"https:\/\/reyerlooks.com.staging-development.com\/index.php?rest_route=%2Fwp%2Fv2%2Fcomments&post=176163"}],"wp:featuredmedia":[{"embeddable":true,"href":"https:\/\/reyerlooks.com.staging-development.com\/index.php?rest_route=\/wp\/v2\/media\/179326"}],"wp:attachment":[{"href":"https:\/\/reyerlooks.com.staging-development.com\/index.php?rest_route=%2Fwp%2Fv2%2Fmedia&parent=176163"}],"wp:term":[{"taxonomy":"product_cat","embeddable":true,"href":"https:\/\/reyerlooks.com.staging-development.com\/index.php?rest_route=%2Fwp%2Fv2%2Fproduct_cat&post=176163"},{"taxonomy":"product_tag","embeddable":true,"href":"https:\/\/reyerlooks.com.staging-development.com\/index.php?rest_route=%2Fwp%2Fv2%2Fproduct_tag&post=176163"}],"curies":[{"name":"wp","href":"https:\/\/api.w.org\/{rel}","templated":true}]}}