{"id":176028,"date":"2024-08-20T17:16:57","date_gmt":"2024-08-20T15:16:57","guid":{"rendered":"https:\/\/www.reyerlooks.com\/?post_type=product&#038;p=176028"},"modified":"2026-04-16T08:52:56","modified_gmt":"2026-04-16T06:52:56","slug":"sealup-creme-rippstrick-pullover","status":"publish","type":"product","link":"https:\/\/reyerlooks.com.staging-development.com\/?product=sealup-creme-rippstrick-pullover","title":{"rendered":"Rippstrick-Pullover"},"content":{"rendered":"<p>in Creme<br \/>\nmit Rundhalsausschnitt<br \/>\nschlie\u00dft mit Kn\u00f6pfen an der Schulter<br \/>\nmit Logo-Patch vorne auf Brusth\u00f6he<br \/>\n\u00fcberschnittene Schultern<br \/>\nLangarm<br \/>\n\u00c4rmelenden und Saum mit Rippb\u00fcndchen<br \/>\nPassform: oversize, gerader Schnitt, f\u00e4llt locker<br \/>\nMaterial: 100% Merinowolle<\/p>\n","protected":false},"excerpt":{"rendered":"<p>in Creme mit Rundhalsausschnitt schlie\u00dft mit Kn\u00f6pfen an der Schulter mit Logo-Patch vorne auf Brusth\u00f6he \u00fcberschnittene Schultern Langarm \u00c4rmelenden und Saum mit Rippb\u00fcndchen Passform: oversize, gerader Schnitt, f\u00e4llt locker Material: 100% Merinowolle<\/p>\n","protected":false},"featured_media":176336,"comment_status":"open","ping_status":"closed","template":"","meta":{"_acf_changed":false,"inline_featured_image":false},"product_cat":[4378,4386,4413,4414,5003],"product_tag":[],"class_list":{"0":"post-176028","1":"product","2":"type-product","3":"status-publish","4":"has-post-thumbnail","6":"product_cat-women","7":"product_cat-women-bekleidung","8":"product_cat-women-bekleidung-strick","9":"product_cat-women-bekleidung-strick-pullover","10":"product_cat-sealup","12":"first","13":"instock","14":"taxable","15":"shipping-taxable","16":"purchasable","17":"product-type-variable"},"acf":[],"_links":{"self":[{"href":"https:\/\/reyerlooks.com.staging-development.com\/index.php?rest_route=\/wp\/v2\/product\/176028","targetHints":{"allow":["GET"]}}],"collection":[{"href":"https:\/\/reyerlooks.com.staging-development.com\/index.php?rest_route=\/wp\/v2\/product"}],"about":[{"href":"https:\/\/reyerlooks.com.staging-development.com\/index.php?rest_route=\/wp\/v2\/types\/product"}],"replies":[{"embeddable":true,"href":"https:\/\/reyerlooks.com.staging-development.com\/index.php?rest_route=%2Fwp%2Fv2%2Fcomments&post=176028"}],"wp:featuredmedia":[{"embeddable":true,"href":"https:\/\/reyerlooks.com.staging-development.com\/index.php?rest_route=\/wp\/v2\/media\/176336"}],"wp:attachment":[{"href":"https:\/\/reyerlooks.com.staging-development.com\/index.php?rest_route=%2Fwp%2Fv2%2Fmedia&parent=176028"}],"wp:term":[{"taxonomy":"product_cat","embeddable":true,"href":"https:\/\/reyerlooks.com.staging-development.com\/index.php?rest_route=%2Fwp%2Fv2%2Fproduct_cat&post=176028"},{"taxonomy":"product_tag","embeddable":true,"href":"https:\/\/reyerlooks.com.staging-development.com\/index.php?rest_route=%2Fwp%2Fv2%2Fproduct_tag&post=176028"}],"curies":[{"name":"wp","href":"https:\/\/api.w.org\/{rel}","templated":true}]}}