{"id":175882,"date":"2024-08-14T00:05:48","date_gmt":"2024-08-13T22:05:48","guid":{"rendered":"https:\/\/www.reyerlooks.com\/?post_type=product&#038;p=175882"},"modified":"2026-04-16T08:52:57","modified_gmt":"2026-04-16T06:52:57","slug":"bluse-trudie-munthe","status":"publish","type":"product","link":"https:\/\/reyerlooks.com.staging-development.com\/?product=bluse-trudie-munthe","title":{"rendered":"Bluse TRUDIE"},"content":{"rendered":"<p class=\"p1\">in Braun<br \/>\nHemdkragen<br \/>\nschlie\u00dft mit Knopfleiste<br \/>\nLangarm mit Ballon\u00e4rmeln mit eingelegten Falten<br \/>\nbreit abgen\u00e4hter Saum<br \/>\nangenehmes Material<br \/>\nPassform: passgenau, lockerer Schnitt<\/p>\n","protected":false},"excerpt":{"rendered":"<p>in Braun Hemdkragen schlie\u00dft mit Knopfleiste Langarm mit Ballon\u00e4rmeln mit eingelegten Falten breit abgen\u00e4hter Saum angenehmes Material Passform: passgenau, lockerer Schnitt<\/p>\n","protected":false},"featured_media":175941,"comment_status":"open","ping_status":"closed","template":"","meta":{"_acf_changed":false,"inline_featured_image":false},"product_cat":[4378,4403,4386,4394,5012,1640],"product_tag":[],"class_list":{"0":"post-175882","1":"product","2":"type-product","3":"status-publish","4":"has-post-thumbnail","6":"product_cat-women","7":"product_cat-women-bekleidung-oberteile-blusen","8":"product_cat-women-bekleidung","9":"product_cat-women-bekleidung-oberteile","10":"product_cat-wild-elegance","11":"product_cat-munthe","13":"first","14":"instock","15":"taxable","16":"shipping-taxable","17":"purchasable","18":"product-type-variable"},"acf":[],"_links":{"self":[{"href":"https:\/\/reyerlooks.com.staging-development.com\/index.php?rest_route=\/wp\/v2\/product\/175882","targetHints":{"allow":["GET"]}}],"collection":[{"href":"https:\/\/reyerlooks.com.staging-development.com\/index.php?rest_route=\/wp\/v2\/product"}],"about":[{"href":"https:\/\/reyerlooks.com.staging-development.com\/index.php?rest_route=\/wp\/v2\/types\/product"}],"replies":[{"embeddable":true,"href":"https:\/\/reyerlooks.com.staging-development.com\/index.php?rest_route=%2Fwp%2Fv2%2Fcomments&post=175882"}],"wp:featuredmedia":[{"embeddable":true,"href":"https:\/\/reyerlooks.com.staging-development.com\/index.php?rest_route=\/wp\/v2\/media\/175941"}],"wp:attachment":[{"href":"https:\/\/reyerlooks.com.staging-development.com\/index.php?rest_route=%2Fwp%2Fv2%2Fmedia&parent=175882"}],"wp:term":[{"taxonomy":"product_cat","embeddable":true,"href":"https:\/\/reyerlooks.com.staging-development.com\/index.php?rest_route=%2Fwp%2Fv2%2Fproduct_cat&post=175882"},{"taxonomy":"product_tag","embeddable":true,"href":"https:\/\/reyerlooks.com.staging-development.com\/index.php?rest_route=%2Fwp%2Fv2%2Fproduct_tag&post=175882"}],"curies":[{"name":"wp","href":"https:\/\/api.w.org\/{rel}","templated":true}]}}