{"id":175836,"date":"2024-08-14T00:05:08","date_gmt":"2024-08-13T22:05:08","guid":{"rendered":"https:\/\/www.reyerlooks.com\/?post_type=product&#038;p=175836"},"modified":"2026-04-21T15:30:58","modified_gmt":"2026-04-21T13:30:58","slug":"woll-cardigan-braun-reyer-2","status":"publish","type":"product","link":"https:\/\/reyerlooks.com.staging-development.com\/?product=woll-cardigan-braun-reyer-2","title":{"rendered":"Woll-Cardigan"},"content":{"rendered":"<p class=\"p1\">in Braun<br \/>\nRippstrick<br \/>\nRollkragen<br \/>\nschlie\u00dft mit Zweiweg-Zip<br \/>\nLangarm<br \/>\nkuscheliges und warmes Material<br \/>\nPassform: gerader Schnitt, f\u00e4llt locker, \u00fcberschnittene Schultern<\/p>\n","protected":false},"excerpt":{"rendered":"<p>in Braun Rippstrick Rollkragen schlie\u00dft mit Zweiweg-Zip Langarm kuscheliges und warmes Material Passform: gerader Schnitt, f\u00e4llt locker, \u00fcberschnittene Schultern<\/p>\n","protected":false},"featured_media":178207,"comment_status":"open","ping_status":"closed","template":"","meta":{"_acf_changed":false,"inline_featured_image":false},"product_cat":[4378,4386,4427,4413,1690],"product_tag":[],"class_list":{"0":"post-175836","1":"product","2":"type-product","3":"status-publish","4":"has-post-thumbnail","6":"product_cat-women","7":"product_cat-women-bekleidung","8":"product_cat-women-bekleidung-strick-cardigans","9":"product_cat-women-bekleidung-strick","10":"product_cat-reyer","12":"first","13":"outofstock","14":"taxable","15":"shipping-taxable","16":"product-type-variable"},"acf":[],"_links":{"self":[{"href":"https:\/\/reyerlooks.com.staging-development.com\/index.php?rest_route=\/wp\/v2\/product\/175836","targetHints":{"allow":["GET"]}}],"collection":[{"href":"https:\/\/reyerlooks.com.staging-development.com\/index.php?rest_route=\/wp\/v2\/product"}],"about":[{"href":"https:\/\/reyerlooks.com.staging-development.com\/index.php?rest_route=\/wp\/v2\/types\/product"}],"replies":[{"embeddable":true,"href":"https:\/\/reyerlooks.com.staging-development.com\/index.php?rest_route=%2Fwp%2Fv2%2Fcomments&post=175836"}],"wp:featuredmedia":[{"embeddable":true,"href":"https:\/\/reyerlooks.com.staging-development.com\/index.php?rest_route=\/wp\/v2\/media\/178207"}],"wp:attachment":[{"href":"https:\/\/reyerlooks.com.staging-development.com\/index.php?rest_route=%2Fwp%2Fv2%2Fmedia&parent=175836"}],"wp:term":[{"taxonomy":"product_cat","embeddable":true,"href":"https:\/\/reyerlooks.com.staging-development.com\/index.php?rest_route=%2Fwp%2Fv2%2Fproduct_cat&post=175836"},{"taxonomy":"product_tag","embeddable":true,"href":"https:\/\/reyerlooks.com.staging-development.com\/index.php?rest_route=%2Fwp%2Fv2%2Fproduct_tag&post=175836"}],"curies":[{"name":"wp","href":"https:\/\/api.w.org\/{rel}","templated":true}]}}