{"id":175641,"date":"2024-08-13T00:05:18","date_gmt":"2024-08-12T22:05:18","guid":{"rendered":"https:\/\/www.reyerlooks.com\/?post_type=product&#038;p=175641"},"modified":"2026-04-16T10:23:26","modified_gmt":"2026-04-16T08:23:26","slug":"bluse-schwarz-reyer","status":"publish","type":"product","link":"https:\/\/reyerlooks.com.staging-development.com\/?product=bluse-schwarz-reyer","title":{"rendered":"Bluse"},"content":{"rendered":"<p class=\"p1\">in Schwarz<br \/>\nmit Hemdkragen<br \/>\nschlie\u00dft mit Knopfleiste<br \/>\nLangarm<br \/>\nKnopfmanschette am \u00c4rmelende<br \/>\nabgerundeter Saum seitlich, hinten etwas l\u00e4nger<br \/>\nleichtes Material<br \/>\nPassform: gerader, weiter Schnitt, f\u00e4llt locker<\/p>\n","protected":false},"excerpt":{"rendered":"<p>in Schwarz mit Hemdkragen schlie\u00dft mit Knopfleiste Langarm Knopfmanschette am \u00c4rmelende abgerundeter Saum seitlich, hinten etwas l\u00e4nger leichtes Material Passform: gerader, weiter Schnitt, f\u00e4llt locker<\/p>\n","protected":false},"featured_media":177668,"comment_status":"open","ping_status":"closed","template":"","meta":{"_acf_changed":false,"inline_featured_image":false},"product_cat":[4378,4403,4386,4394,1690],"product_tag":[],"class_list":{"0":"post-175641","1":"product","2":"type-product","3":"status-publish","4":"has-post-thumbnail","6":"product_cat-women","7":"product_cat-women-bekleidung-oberteile-blusen","8":"product_cat-women-bekleidung","9":"product_cat-women-bekleidung-oberteile","10":"product_cat-reyer","12":"first","13":"outofstock","14":"taxable","15":"shipping-taxable","16":"product-type-variable"},"acf":[],"_links":{"self":[{"href":"https:\/\/reyerlooks.com.staging-development.com\/index.php?rest_route=\/wp\/v2\/product\/175641","targetHints":{"allow":["GET"]}}],"collection":[{"href":"https:\/\/reyerlooks.com.staging-development.com\/index.php?rest_route=\/wp\/v2\/product"}],"about":[{"href":"https:\/\/reyerlooks.com.staging-development.com\/index.php?rest_route=\/wp\/v2\/types\/product"}],"replies":[{"embeddable":true,"href":"https:\/\/reyerlooks.com.staging-development.com\/index.php?rest_route=%2Fwp%2Fv2%2Fcomments&post=175641"}],"wp:featuredmedia":[{"embeddable":true,"href":"https:\/\/reyerlooks.com.staging-development.com\/index.php?rest_route=\/wp\/v2\/media\/177668"}],"wp:attachment":[{"href":"https:\/\/reyerlooks.com.staging-development.com\/index.php?rest_route=%2Fwp%2Fv2%2Fmedia&parent=175641"}],"wp:term":[{"taxonomy":"product_cat","embeddable":true,"href":"https:\/\/reyerlooks.com.staging-development.com\/index.php?rest_route=%2Fwp%2Fv2%2Fproduct_cat&post=175641"},{"taxonomy":"product_tag","embeddable":true,"href":"https:\/\/reyerlooks.com.staging-development.com\/index.php?rest_route=%2Fwp%2Fv2%2Fproduct_tag&post=175641"}],"curies":[{"name":"wp","href":"https:\/\/api.w.org\/{rel}","templated":true}]}}