{"id":175590,"date":"2024-08-12T15:26:59","date_gmt":"2024-08-12T13:26:59","guid":{"rendered":"https:\/\/www.reyerlooks.com\/?post_type=product&#038;p=175590"},"modified":"2026-04-15T12:36:41","modified_gmt":"2026-04-15T10:36:41","slug":"ballerinas-leo-print","status":"publish","type":"product","link":"https:\/\/reyerlooks.com.staging-development.com\/?product=ballerinas-leo-print","title":{"rendered":"Ballerinas LEO"},"content":{"rendered":"<p>mit Leopard-Print in Beige und Schwarz<br \/>\naus weichem Kunstfaser-Textil in Velourslederoptik<br \/>\nspitz zulaufende Zehenpartie<br \/>\nbreiter, kleiner Absatz<br \/>\nAbsatzh\u00f6he: ca. 1,1 cm<br \/>\nPassform: f\u00e4llt etwas gr\u00f6\u00dfer aus<\/p>\n","protected":false},"excerpt":{"rendered":"<p>mit Leopard-Print in Beige und Schwarz aus weichem Kunstfaser-Textil in Velourslederoptik spitz zulaufende Zehenpartie breiter, kleiner Absatz Absatzh\u00f6he: ca. 1,1 cm Passform: f\u00e4llt etwas gr\u00f6\u00dfer aus<\/p>\n","protected":false},"featured_media":175600,"comment_status":"open","ping_status":"closed","template":"","meta":{"_acf_changed":false,"inline_featured_image":false},"product_cat":[4378,4896,4895,4383,4927],"product_tag":[],"class_list":{"0":"post-175590","1":"product","2":"type-product","3":"status-publish","4":"has-post-thumbnail","6":"product_cat-women","7":"product_cat-women-schuhe-ballerinas-slippers","8":"product_cat-women-schuhe-ballerinas","9":"product_cat-women-schuhe","10":"product_cat-pao","12":"first","13":"instock","14":"taxable","15":"shipping-taxable","16":"purchasable","17":"product-type-variable"},"acf":[],"_links":{"self":[{"href":"https:\/\/reyerlooks.com.staging-development.com\/index.php?rest_route=\/wp\/v2\/product\/175590","targetHints":{"allow":["GET"]}}],"collection":[{"href":"https:\/\/reyerlooks.com.staging-development.com\/index.php?rest_route=\/wp\/v2\/product"}],"about":[{"href":"https:\/\/reyerlooks.com.staging-development.com\/index.php?rest_route=\/wp\/v2\/types\/product"}],"replies":[{"embeddable":true,"href":"https:\/\/reyerlooks.com.staging-development.com\/index.php?rest_route=%2Fwp%2Fv2%2Fcomments&post=175590"}],"wp:featuredmedia":[{"embeddable":true,"href":"https:\/\/reyerlooks.com.staging-development.com\/index.php?rest_route=\/wp\/v2\/media\/175600"}],"wp:attachment":[{"href":"https:\/\/reyerlooks.com.staging-development.com\/index.php?rest_route=%2Fwp%2Fv2%2Fmedia&parent=175590"}],"wp:term":[{"taxonomy":"product_cat","embeddable":true,"href":"https:\/\/reyerlooks.com.staging-development.com\/index.php?rest_route=%2Fwp%2Fv2%2Fproduct_cat&post=175590"},{"taxonomy":"product_tag","embeddable":true,"href":"https:\/\/reyerlooks.com.staging-development.com\/index.php?rest_route=%2Fwp%2Fv2%2Fproduct_tag&post=175590"}],"curies":[{"name":"wp","href":"https:\/\/api.w.org\/{rel}","templated":true}]}}