{"id":174864,"date":"2024-07-31T12:16:10","date_gmt":"2024-07-31T10:16:10","guid":{"rendered":"https:\/\/www.reyerlooks.com\/?post_type=product&#038;p=174864"},"modified":"2026-04-15T09:37:37","modified_gmt":"2026-04-15T07:37:37","slug":"wide-leg-wollhose-cercia-seductive","status":"publish","type":"product","link":"https:\/\/reyerlooks.com.staging-development.com\/?product=wide-leg-wollhose-cercia-seductive","title":{"rendered":"Wide-Leg Wollhose CERCIA"},"content":{"rendered":"<p class=\"p1\">in Grau<br \/>\nmit Bundfalten<br \/>\nschlie\u00dft mit Zip, Knopf und Metallhacken<br \/>\nseitliche Eingriffstaschen<br \/>\nPaspeltasche am Ges\u00e4\u00df mit Knopf<br \/>\nG\u00fcrtelschlaufen<br \/>\nB\u00fcgelfalten vorne und hinten<br \/>\nsehr sanftes und leichtes Material<br \/>\nPassform: High-Waist, weites und langes Bein, gerader Schnitt<\/p>\n","protected":false},"excerpt":{"rendered":"<p>in Grau mit Bundfalten schlie\u00dft mit Zip, Knopf und Metallhacken seitliche Eingriffstaschen Paspeltasche am Ges\u00e4\u00df mit Knopf G\u00fcrtelschlaufen B\u00fcgelfalten vorne und hinten sehr sanftes und leichtes Material Passform: High-Waist, weites und langes Bein, gerader Schnitt<\/p>\n","protected":false},"featured_media":175111,"comment_status":"open","ping_status":"closed","template":"","meta":{"_acf_changed":false,"inline_featured_image":false},"product_cat":[4378,4387,4386,4399,4598],"product_tag":[],"class_list":{"0":"post-174864","1":"product","2":"type-product","3":"status-publish","4":"has-post-thumbnail","6":"product_cat-women","7":"product_cat-women-bekleidung-hosen","8":"product_cat-women-bekleidung","9":"product_cat-women-bekleidung-hosen-weites-bein","10":"product_cat-seductive","12":"first","13":"instock","14":"taxable","15":"shipping-taxable","16":"purchasable","17":"product-type-variable"},"acf":[],"_links":{"self":[{"href":"https:\/\/reyerlooks.com.staging-development.com\/index.php?rest_route=\/wp\/v2\/product\/174864","targetHints":{"allow":["GET"]}}],"collection":[{"href":"https:\/\/reyerlooks.com.staging-development.com\/index.php?rest_route=\/wp\/v2\/product"}],"about":[{"href":"https:\/\/reyerlooks.com.staging-development.com\/index.php?rest_route=\/wp\/v2\/types\/product"}],"replies":[{"embeddable":true,"href":"https:\/\/reyerlooks.com.staging-development.com\/index.php?rest_route=%2Fwp%2Fv2%2Fcomments&post=174864"}],"wp:featuredmedia":[{"embeddable":true,"href":"https:\/\/reyerlooks.com.staging-development.com\/index.php?rest_route=\/wp\/v2\/media\/175111"}],"wp:attachment":[{"href":"https:\/\/reyerlooks.com.staging-development.com\/index.php?rest_route=%2Fwp%2Fv2%2Fmedia&parent=174864"}],"wp:term":[{"taxonomy":"product_cat","embeddable":true,"href":"https:\/\/reyerlooks.com.staging-development.com\/index.php?rest_route=%2Fwp%2Fv2%2Fproduct_cat&post=174864"},{"taxonomy":"product_tag","embeddable":true,"href":"https:\/\/reyerlooks.com.staging-development.com\/index.php?rest_route=%2Fwp%2Fv2%2Fproduct_tag&post=174864"}],"curies":[{"name":"wp","href":"https:\/\/api.w.org\/{rel}","templated":true}]}}