{"id":174833,"date":"2024-07-31T12:15:39","date_gmt":"2024-07-31T10:15:39","guid":{"rendered":"https:\/\/www.reyerlooks.com\/?post_type=product&#038;p=174833"},"modified":"2026-04-15T09:37:38","modified_gmt":"2026-04-15T07:37:38","slug":"cardigan-grau-goldengoose","status":"publish","type":"product","link":"https:\/\/reyerlooks.com.staging-development.com\/?product=cardigan-grau-goldengoose","title":{"rendered":"Cardigan"},"content":{"rendered":"<p class=\"p1\">in Grau<br \/>\nV-Ausschnitt<br \/>\nschlie\u00dft mit breiten Lederkn\u00f6pfen<br \/>\naufgesetzte Taschen vorne<br \/>\nRippb\u00fcndchen an \u00c4rmeln und Saum<br \/>\nLangarm<br \/>\nLogo-Stickerei hinten verkehrt<br \/>\nLogo-Sternchen am Kragen hinten<br \/>\nangenehmes und schweres Material<br \/>\nPassform: gerader und langer Schnitt, \u00fcberschnittene Schultern, passgenau<\/p>\n","protected":false},"excerpt":{"rendered":"<p>in Grau V-Ausschnitt schlie\u00dft mit breiten Lederkn\u00f6pfen aufgesetzte Taschen vorne Rippb\u00fcndchen an \u00c4rmeln und Saum Langarm Logo-Stickerei hinten verkehrt Logo-Sternchen am Kragen hinten angenehmes und schweres Material Passform: gerader und langer Schnitt, \u00fcberschnittene Schultern, passgenau<\/p>\n","protected":false},"featured_media":177050,"comment_status":"open","ping_status":"closed","template":"","meta":{"_acf_changed":false,"inline_featured_image":false},"product_cat":[4378,4386,4427,4413,5002,1612],"product_tag":[],"class_list":{"0":"post-174833","1":"product","2":"type-product","3":"status-publish","4":"has-post-thumbnail","6":"product_cat-women","7":"product_cat-women-bekleidung","8":"product_cat-women-bekleidung-strick-cardigans","9":"product_cat-women-bekleidung-strick","10":"product_cat-eclectic-elegance","11":"product_cat-golden-goose","13":"first","14":"instock","15":"taxable","16":"shipping-taxable","17":"purchasable","18":"product-type-variable"},"acf":[],"_links":{"self":[{"href":"https:\/\/reyerlooks.com.staging-development.com\/index.php?rest_route=\/wp\/v2\/product\/174833","targetHints":{"allow":["GET"]}}],"collection":[{"href":"https:\/\/reyerlooks.com.staging-development.com\/index.php?rest_route=\/wp\/v2\/product"}],"about":[{"href":"https:\/\/reyerlooks.com.staging-development.com\/index.php?rest_route=\/wp\/v2\/types\/product"}],"replies":[{"embeddable":true,"href":"https:\/\/reyerlooks.com.staging-development.com\/index.php?rest_route=%2Fwp%2Fv2%2Fcomments&post=174833"}],"wp:featuredmedia":[{"embeddable":true,"href":"https:\/\/reyerlooks.com.staging-development.com\/index.php?rest_route=\/wp\/v2\/media\/177050"}],"wp:attachment":[{"href":"https:\/\/reyerlooks.com.staging-development.com\/index.php?rest_route=%2Fwp%2Fv2%2Fmedia&parent=174833"}],"wp:term":[{"taxonomy":"product_cat","embeddable":true,"href":"https:\/\/reyerlooks.com.staging-development.com\/index.php?rest_route=%2Fwp%2Fv2%2Fproduct_cat&post=174833"},{"taxonomy":"product_tag","embeddable":true,"href":"https:\/\/reyerlooks.com.staging-development.com\/index.php?rest_route=%2Fwp%2Fv2%2Fproduct_tag&post=174833"}],"curies":[{"name":"wp","href":"https:\/\/api.w.org\/{rel}","templated":true}]}}