{"id":174825,"date":"2024-07-31T12:15:25","date_gmt":"2024-07-31T10:15:25","guid":{"rendered":"https:\/\/www.reyerlooks.com\/?post_type=product&#038;p=174825"},"modified":"2026-04-15T09:37:38","modified_gmt":"2026-04-15T07:37:38","slug":"armband-raffia-beads-beige-vanessabaroni","status":"publish","type":"product","link":"https:\/\/reyerlooks.com.staging-development.com\/?product=armband-raffia-beads-beige-vanessabaroni","title":{"rendered":"Armband RAFFIA BEADS"},"content":{"rendered":"<p class=\"p1\">in hellem Beige<br \/>\nHandmade, in Italien gefertigt<br \/>\njede einzelne Perle ist gekonnt mit Raffia umwickelt<br \/>\nschlie\u00dft mit Karabinerverschluss<br \/>\nLogo-Plakette<br \/>\nMa\u00dfe :\u00a0L\u00e4nge : 20-23,5 cm (gr\u00f6\u00dfenverstellbar), Breite: 2\u00a0cm<br \/>\nMaterial: Raffia, Acetat, Messing (vergoldet)<\/p>\n","protected":false},"excerpt":{"rendered":"<p>in hellem Beige Handmade, in Italien gefertigt jede einzelne Perle ist gekonnt mit Raffia umwickelt schlie\u00dft mit Karabinerverschluss Logo-Plakette Ma\u00dfe :\u00a0L\u00e4nge : 20-23,5 cm (gr\u00f6\u00dfenverstellbar), Breite: 2\u00a0cm Material: Raffia, Acetat, Messing (vergoldet)<\/p>\n","protected":false},"featured_media":175075,"comment_status":"open","ping_status":"closed","template":"","meta":{"_acf_changed":false,"inline_featured_image":false},"product_cat":[4378,4381,4379,4380,4740],"product_tag":[],"class_list":{"0":"post-174825","1":"product","2":"type-product","3":"status-publish","4":"has-post-thumbnail","6":"product_cat-women","7":"product_cat-women-accessoires-schmuck-armbander","8":"product_cat-women-accessoires","9":"product_cat-women-accessoires-schmuck","10":"product_cat-vanessa-baroni","12":"first","13":"instock","14":"taxable","15":"shipping-taxable","16":"purchasable","17":"product-type-variable"},"acf":[],"_links":{"self":[{"href":"https:\/\/reyerlooks.com.staging-development.com\/index.php?rest_route=\/wp\/v2\/product\/174825","targetHints":{"allow":["GET"]}}],"collection":[{"href":"https:\/\/reyerlooks.com.staging-development.com\/index.php?rest_route=\/wp\/v2\/product"}],"about":[{"href":"https:\/\/reyerlooks.com.staging-development.com\/index.php?rest_route=\/wp\/v2\/types\/product"}],"replies":[{"embeddable":true,"href":"https:\/\/reyerlooks.com.staging-development.com\/index.php?rest_route=%2Fwp%2Fv2%2Fcomments&post=174825"}],"wp:featuredmedia":[{"embeddable":true,"href":"https:\/\/reyerlooks.com.staging-development.com\/index.php?rest_route=\/wp\/v2\/media\/175075"}],"wp:attachment":[{"href":"https:\/\/reyerlooks.com.staging-development.com\/index.php?rest_route=%2Fwp%2Fv2%2Fmedia&parent=174825"}],"wp:term":[{"taxonomy":"product_cat","embeddable":true,"href":"https:\/\/reyerlooks.com.staging-development.com\/index.php?rest_route=%2Fwp%2Fv2%2Fproduct_cat&post=174825"},{"taxonomy":"product_tag","embeddable":true,"href":"https:\/\/reyerlooks.com.staging-development.com\/index.php?rest_route=%2Fwp%2Fv2%2Fproduct_tag&post=174825"}],"curies":[{"name":"wp","href":"https:\/\/api.w.org\/{rel}","templated":true}]}}