{"id":174696,"date":"2024-07-31T10:12:04","date_gmt":"2024-07-31T08:12:04","guid":{"rendered":"https:\/\/www.reyerlooks.com\/?post_type=product&#038;p=174696"},"modified":"2026-04-21T11:26:12","modified_gmt":"2026-04-21T09:26:12","slug":"pullover-bruzzi-grau-louloustudio","status":"publish","type":"product","link":"https:\/\/reyerlooks.com.staging-development.com\/?product=pullover-bruzzi-grau-louloustudio","title":{"rendered":"Pullover BRUZZI"},"content":{"rendered":"<p class=\"p1\">in Grau<br \/>\nRundhalsausschnitt<br \/>\nfeiner Glattstrick<br \/>\n\u00c4rmelenden, Ausschnitt und Saum mit Rippb\u00fcnchen<br \/>\nkleine Logo-Stickerei unten beim Saum<br \/>\nRaglan\u00e4rmel<br \/>\nsanftes, angenehmes Material<br \/>\nPassform: gerader und weiter Schnitt, leicht gecropped<\/p>\n","protected":false},"excerpt":{"rendered":"<p>in Grau Rundhalsausschnitt feiner Glattstrick \u00c4rmelenden, Ausschnitt und Saum mit Rippb\u00fcnchen kleine Logo-Stickerei unten beim Saum Raglan\u00e4rmel sanftes, angenehmes Material Passform: gerader und weiter Schnitt, leicht gecropped<\/p>\n","protected":false},"featured_media":176875,"comment_status":"open","ping_status":"closed","template":"","meta":{"_acf_changed":false,"inline_featured_image":false},"product_cat":[4378,4386,4413,4414,4601],"product_tag":[],"class_list":{"0":"post-174696","1":"product","2":"type-product","3":"status-publish","4":"has-post-thumbnail","6":"product_cat-women","7":"product_cat-women-bekleidung","8":"product_cat-women-bekleidung-strick","9":"product_cat-women-bekleidung-strick-pullover","10":"product_cat-loulou-studio","12":"first","13":"instock","14":"taxable","15":"shipping-taxable","16":"purchasable","17":"product-type-variable"},"acf":[],"_links":{"self":[{"href":"https:\/\/reyerlooks.com.staging-development.com\/index.php?rest_route=\/wp\/v2\/product\/174696","targetHints":{"allow":["GET"]}}],"collection":[{"href":"https:\/\/reyerlooks.com.staging-development.com\/index.php?rest_route=\/wp\/v2\/product"}],"about":[{"href":"https:\/\/reyerlooks.com.staging-development.com\/index.php?rest_route=\/wp\/v2\/types\/product"}],"replies":[{"embeddable":true,"href":"https:\/\/reyerlooks.com.staging-development.com\/index.php?rest_route=%2Fwp%2Fv2%2Fcomments&post=174696"}],"wp:featuredmedia":[{"embeddable":true,"href":"https:\/\/reyerlooks.com.staging-development.com\/index.php?rest_route=\/wp\/v2\/media\/176875"}],"wp:attachment":[{"href":"https:\/\/reyerlooks.com.staging-development.com\/index.php?rest_route=%2Fwp%2Fv2%2Fmedia&parent=174696"}],"wp:term":[{"taxonomy":"product_cat","embeddable":true,"href":"https:\/\/reyerlooks.com.staging-development.com\/index.php?rest_route=%2Fwp%2Fv2%2Fproduct_cat&post=174696"},{"taxonomy":"product_tag","embeddable":true,"href":"https:\/\/reyerlooks.com.staging-development.com\/index.php?rest_route=%2Fwp%2Fv2%2Fproduct_tag&post=174696"}],"curies":[{"name":"wp","href":"https:\/\/api.w.org\/{rel}","templated":true}]}}