{"id":173449,"date":"2024-06-21T00:31:19","date_gmt":"2024-06-20T22:31:19","guid":{"rendered":"https:\/\/www.reyerlooks.com\/?post_type=product&#038;p=173449"},"modified":"2026-04-15T09:37:41","modified_gmt":"2026-04-15T07:37:41","slug":"wide-leg-paillettenhose","status":"publish","type":"product","link":"https:\/\/reyerlooks.com.staging-development.com\/?product=wide-leg-paillettenhose","title":{"rendered":"Wide-Leg Paillettenhose"},"content":{"rendered":"<p>in Creme<br \/>\nallover Paillettenstickerei<br \/>\naltgoldfarbene Details<br \/>\nschlie\u00dft mit Zip und Knopf<br \/>\nG\u00fcrtelschlaufen<br \/>\n5-Pocket-Style<br \/>\nzwei Logo-Sternchen auf der R\u00fcckseite<br \/>\nPassform: weites und langes Bein, Regular-Fit<\/p>\n","protected":false},"excerpt":{"rendered":"<p>in Creme allover Paillettenstickerei altgoldfarbene Details schlie\u00dft mit Zip und Knopf G\u00fcrtelschlaufen 5-Pocket-Style zwei Logo-Sternchen auf der R\u00fcckseite Passform: weites und langes Bein, Regular-Fit<\/p>\n","protected":false},"featured_media":173478,"comment_status":"open","ping_status":"closed","template":"","meta":{"_acf_changed":false,"inline_featured_image":false},"product_cat":[4378,4461,4386,4408,1612],"product_tag":[],"class_list":{"0":"post-173449","1":"product","2":"type-product","3":"status-publish","4":"has-post-thumbnail","6":"product_cat-women","7":"product_cat-women-bekleidung-jeans-straight-leg","8":"product_cat-women-bekleidung","9":"product_cat-women-bekleidung-jeans","10":"product_cat-golden-goose","12":"first","13":"instock","14":"taxable","15":"shipping-taxable","16":"purchasable","17":"product-type-variable"},"acf":[],"_links":{"self":[{"href":"https:\/\/reyerlooks.com.staging-development.com\/index.php?rest_route=\/wp\/v2\/product\/173449","targetHints":{"allow":["GET"]}}],"collection":[{"href":"https:\/\/reyerlooks.com.staging-development.com\/index.php?rest_route=\/wp\/v2\/product"}],"about":[{"href":"https:\/\/reyerlooks.com.staging-development.com\/index.php?rest_route=\/wp\/v2\/types\/product"}],"replies":[{"embeddable":true,"href":"https:\/\/reyerlooks.com.staging-development.com\/index.php?rest_route=%2Fwp%2Fv2%2Fcomments&post=173449"}],"wp:featuredmedia":[{"embeddable":true,"href":"https:\/\/reyerlooks.com.staging-development.com\/index.php?rest_route=\/wp\/v2\/media\/173478"}],"wp:attachment":[{"href":"https:\/\/reyerlooks.com.staging-development.com\/index.php?rest_route=%2Fwp%2Fv2%2Fmedia&parent=173449"}],"wp:term":[{"taxonomy":"product_cat","embeddable":true,"href":"https:\/\/reyerlooks.com.staging-development.com\/index.php?rest_route=%2Fwp%2Fv2%2Fproduct_cat&post=173449"},{"taxonomy":"product_tag","embeddable":true,"href":"https:\/\/reyerlooks.com.staging-development.com\/index.php?rest_route=%2Fwp%2Fv2%2Fproduct_tag&post=173449"}],"curies":[{"name":"wp","href":"https:\/\/api.w.org\/{rel}","templated":true}]}}