{"id":173205,"date":"2024-05-23T12:40:25","date_gmt":"2024-05-23T10:40:25","guid":{"rendered":"https:\/\/www.reyerlooks.com\/?post_type=product&#038;p=173205"},"modified":"2026-04-21T13:23:57","modified_gmt":"2026-04-21T11:23:57","slug":"armband-2","status":"publish","type":"product","link":"https:\/\/reyerlooks.com.staging-development.com\/?product=armband-2","title":{"rendered":"Armband"},"content":{"rendered":"<p>in Silber 925<br \/>\nfeines Armb\u00e4ndchen<br \/>\neinzelne Perlen 3 mm<br \/>\nLogo-Pl\u00e4ttchen<br \/>\nmit reissfestem Gummi<br \/>\nMa\u00dfe: ca.17,5 cm Druchmesser \u2013 durch Gummi bis zu 20 cm<\/p>\n<p>&nbsp;<\/p>\n","protected":false},"excerpt":{"rendered":"<p>in Silber 925 feines Armb\u00e4ndchen einzelne Perlen 3 mm Logo-Pl\u00e4ttchen mit reissfestem Gummi Ma\u00dfe: ca.17,5 cm Druchmesser \u2013 durch Gummi bis zu 20 cm &nbsp;<\/p>\n","protected":false},"featured_media":173235,"comment_status":"open","ping_status":"closed","template":"","meta":{"_acf_changed":false,"inline_featured_image":false},"product_cat":[4378,4379,4380,1606],"product_tag":[],"class_list":{"0":"post-173205","1":"product","2":"type-product","3":"status-publish","4":"has-post-thumbnail","6":"product_cat-women","7":"product_cat-women-accessoires","8":"product_cat-women-accessoires-schmuck","9":"product_cat-marjana-von-berlepsch","11":"first","12":"instock","13":"taxable","14":"shipping-taxable","15":"purchasable","16":"product-type-variable"},"acf":[],"_links":{"self":[{"href":"https:\/\/reyerlooks.com.staging-development.com\/index.php?rest_route=\/wp\/v2\/product\/173205","targetHints":{"allow":["GET"]}}],"collection":[{"href":"https:\/\/reyerlooks.com.staging-development.com\/index.php?rest_route=\/wp\/v2\/product"}],"about":[{"href":"https:\/\/reyerlooks.com.staging-development.com\/index.php?rest_route=\/wp\/v2\/types\/product"}],"replies":[{"embeddable":true,"href":"https:\/\/reyerlooks.com.staging-development.com\/index.php?rest_route=%2Fwp%2Fv2%2Fcomments&post=173205"}],"wp:featuredmedia":[{"embeddable":true,"href":"https:\/\/reyerlooks.com.staging-development.com\/index.php?rest_route=\/wp\/v2\/media\/173235"}],"wp:attachment":[{"href":"https:\/\/reyerlooks.com.staging-development.com\/index.php?rest_route=%2Fwp%2Fv2%2Fmedia&parent=173205"}],"wp:term":[{"taxonomy":"product_cat","embeddable":true,"href":"https:\/\/reyerlooks.com.staging-development.com\/index.php?rest_route=%2Fwp%2Fv2%2Fproduct_cat&post=173205"},{"taxonomy":"product_tag","embeddable":true,"href":"https:\/\/reyerlooks.com.staging-development.com\/index.php?rest_route=%2Fwp%2Fv2%2Fproduct_tag&post=173205"}],"curies":[{"name":"wp","href":"https:\/\/api.w.org\/{rel}","templated":true}]}}