{"id":170224,"date":"2024-02-28T23:55:07","date_gmt":"2024-02-28T22:55:07","guid":{"rendered":"https:\/\/www.reyerlooks.com\/?post_type=product&#038;p=170224"},"modified":"2026-04-15T10:36:46","modified_gmt":"2026-04-15T08:36:46","slug":"midi-kleid-56","status":"publish","type":"product","link":"https:\/\/reyerlooks.com.staging-development.com\/?product=midi-kleid-56","title":{"rendered":"Midi-Kleid"},"content":{"rendered":"<p>in Schwarz, Wei\u00df gemustert<br \/>\nmit tiefen V-Ausschnitt vorne und hinten<br \/>\nbreite Tr\u00e4ger<br \/>\nOberteil mit Gummizug<br \/>\nkleine R\u00fcschen an der Taillie<br \/>\nd\u00fcnnes und am Oberteil sehr elastisches Material<br \/>\nPassform: taillierter Schnitt, enges Oberteil, lockerer Rock, reicht bis zu Wade<\/p>\n","protected":false},"excerpt":{"rendered":"<p>in Schwarz, Wei\u00df gemustert mit tiefen V-Ausschnitt vorne und hinten breite Tr\u00e4ger Oberteil mit Gummizug kleine R\u00fcschen an der Taillie d\u00fcnnes und am Oberteil sehr elastisches Material Passform: taillierter Schnitt, enges Oberteil, lockerer Rock, reicht bis zu Wade<\/p>\n","protected":false},"featured_media":170262,"comment_status":"open","ping_status":"closed","template":"","meta":{"_acf_changed":false,"inline_featured_image":false},"product_cat":[4378,4406,4386,4405,4977],"product_tag":[],"class_list":{"0":"post-170224","1":"product","2":"type-product","3":"status-publish","4":"has-post-thumbnail","6":"product_cat-women","7":"product_cat-women-bekleidung-kleider-midi-kleider","8":"product_cat-women-bekleidung","9":"product_cat-women-bekleidung-kleider","10":"product_cat-rails","12":"first","13":"instock","14":"taxable","15":"shipping-taxable","16":"purchasable","17":"product-type-variable"},"acf":[],"_links":{"self":[{"href":"https:\/\/reyerlooks.com.staging-development.com\/index.php?rest_route=\/wp\/v2\/product\/170224","targetHints":{"allow":["GET"]}}],"collection":[{"href":"https:\/\/reyerlooks.com.staging-development.com\/index.php?rest_route=\/wp\/v2\/product"}],"about":[{"href":"https:\/\/reyerlooks.com.staging-development.com\/index.php?rest_route=\/wp\/v2\/types\/product"}],"replies":[{"embeddable":true,"href":"https:\/\/reyerlooks.com.staging-development.com\/index.php?rest_route=%2Fwp%2Fv2%2Fcomments&post=170224"}],"wp:featuredmedia":[{"embeddable":true,"href":"https:\/\/reyerlooks.com.staging-development.com\/index.php?rest_route=\/wp\/v2\/media\/170262"}],"wp:attachment":[{"href":"https:\/\/reyerlooks.com.staging-development.com\/index.php?rest_route=%2Fwp%2Fv2%2Fmedia&parent=170224"}],"wp:term":[{"taxonomy":"product_cat","embeddable":true,"href":"https:\/\/reyerlooks.com.staging-development.com\/index.php?rest_route=%2Fwp%2Fv2%2Fproduct_cat&post=170224"},{"taxonomy":"product_tag","embeddable":true,"href":"https:\/\/reyerlooks.com.staging-development.com\/index.php?rest_route=%2Fwp%2Fv2%2Fproduct_tag&post=170224"}],"curies":[{"name":"wp","href":"https:\/\/api.w.org\/{rel}","templated":true}]}}