{"id":166657,"date":"2024-01-15T11:35:29","date_gmt":"2024-01-15T10:35:29","guid":{"rendered":"https:\/\/www.reyerlooks.com\/?post_type=product&#038;p=166657"},"modified":"2026-04-16T10:09:21","modified_gmt":"2026-04-16T08:09:21","slug":"leinen-tunika-9","status":"publish","type":"product","link":"https:\/\/reyerlooks.com.staging-development.com\/?product=leinen-tunika-9","title":{"rendered":"Leinen-Tunika"},"content":{"rendered":"<p>in Blau<br \/>\nmit Hemdkragen<br \/>\nschlie\u00dft mit Knopfleiste<br \/>\naufgesetzte Brusttasche vorne<br \/>\nleicht \u00fcberschnittene Schultern<br \/>\nLangarm mit Knopf-Manschetten<br \/>\nseitliche Eingrifftaschen<br \/>\nQuetschfalte auf der R\u00fcckseite<br \/>\nPassform: f\u00e4llt locker, gerader Schnitt, reicht ca. bis kurz \u00fcbers Knie<\/p>\n","protected":false},"excerpt":{"rendered":"<p>in Blau mit Hemdkragen schlie\u00dft mit Knopfleiste aufgesetzte Brusttasche vorne leicht \u00fcberschnittene Schultern Langarm mit Knopf-Manschetten seitliche Eingrifftaschen Quetschfalte auf der R\u00fcckseite Passform: f\u00e4llt locker, gerader Schnitt, reicht ca. bis kurz \u00fcbers Knie<\/p>\n","protected":false},"featured_media":168496,"comment_status":"open","ping_status":"closed","template":"","meta":{"_acf_changed":false,"inline_featured_image":false},"product_cat":[4378,4406,4386,4405,1690],"product_tag":[],"class_list":{"0":"post-166657","1":"product","2":"type-product","3":"status-publish","4":"has-post-thumbnail","6":"product_cat-women","7":"product_cat-women-bekleidung-kleider-midi-kleider","8":"product_cat-women-bekleidung","9":"product_cat-women-bekleidung-kleider","10":"product_cat-reyer","12":"first","13":"outofstock","14":"taxable","15":"shipping-taxable","16":"product-type-variable"},"acf":[],"_links":{"self":[{"href":"https:\/\/reyerlooks.com.staging-development.com\/index.php?rest_route=\/wp\/v2\/product\/166657","targetHints":{"allow":["GET"]}}],"collection":[{"href":"https:\/\/reyerlooks.com.staging-development.com\/index.php?rest_route=\/wp\/v2\/product"}],"about":[{"href":"https:\/\/reyerlooks.com.staging-development.com\/index.php?rest_route=\/wp\/v2\/types\/product"}],"replies":[{"embeddable":true,"href":"https:\/\/reyerlooks.com.staging-development.com\/index.php?rest_route=%2Fwp%2Fv2%2Fcomments&post=166657"}],"wp:featuredmedia":[{"embeddable":true,"href":"https:\/\/reyerlooks.com.staging-development.com\/index.php?rest_route=\/wp\/v2\/media\/168496"}],"wp:attachment":[{"href":"https:\/\/reyerlooks.com.staging-development.com\/index.php?rest_route=%2Fwp%2Fv2%2Fmedia&parent=166657"}],"wp:term":[{"taxonomy":"product_cat","embeddable":true,"href":"https:\/\/reyerlooks.com.staging-development.com\/index.php?rest_route=%2Fwp%2Fv2%2Fproduct_cat&post=166657"},{"taxonomy":"product_tag","embeddable":true,"href":"https:\/\/reyerlooks.com.staging-development.com\/index.php?rest_route=%2Fwp%2Fv2%2Fproduct_tag&post=166657"}],"curies":[{"name":"wp","href":"https:\/\/api.w.org\/{rel}","templated":true}]}}