{"id":162339,"date":"2023-10-16T11:56:19","date_gmt":"2023-10-16T09:56:19","guid":{"rendered":"https:\/\/www.reyerlooks.com\/?post_type=product&#038;p=162339"},"modified":"2026-04-21T14:13:06","modified_gmt":"2026-04-21T12:13:06","slug":"outdoor-jacke","status":"publish","type":"product","link":"https:\/\/reyerlooks.com.staging-development.com\/?product=outdoor-jacke","title":{"rendered":"Outdoor Jacke"},"content":{"rendered":"<p>in Dunkelgr\u00fcn<br \/>\nKapuze mit Tunnelzug<br \/>\nvertikale Einschubtaschen auf Brusth\u00f6he<br \/>\nPattentaschen mit Magnetverschluss auf H\u00fcfth\u00f6he<br \/>\nUnterarm-Zipper f\u00fcr Extra-Ventilation<br \/>\n\u00c4rmel mit innenliegenden Rippb\u00fcndchen und Klett-Riegel zur Weitenregulierung<br \/>\nfixierter Gehschlitz<br \/>\nZipper-Innentasche<br \/>\nWasser- und winddicht<br \/>\nAtmungsaktivit\u00e4t: 8.000 G\/M2<br \/>\nHochleistungsmaterial <i>Dense Micro Twill<br \/>\n<\/i>DWR Bionic finish\u00aeEco \u2013 die verwendete tiefenwirksame wasserabweisende Komponente basiert auf einer fluorfreien Rezeptur<br \/>\nein stylisher Hochleistungsparka f\u00fcr \u201cWind und Wetter\u201d<br \/>\nPassform: f\u00e4llt normal aus<\/p>\n","protected":false},"excerpt":{"rendered":"<p>in Dunkelgr\u00fcn Kapuze mit Tunnelzug vertikale Einschubtaschen auf Brusth\u00f6he Pattentaschen mit Magnetverschluss auf H\u00fcfth\u00f6he Unterarm-Zipper f\u00fcr Extra-Ventilation \u00c4rmel mit innenliegenden Rippb\u00fcndchen und Klett-Riegel zur Weitenregulierung fixierter Gehschlitz Zipper-Innentasche Wasser- und winddicht Atmungsaktivit\u00e4t: 8.000 G\/M2 Hochleistungsmaterial Dense Micro Twill DWR Bionic finish\u00aeEco \u2013 die verwendete tiefenwirksame wasserabweisende Komponente basiert auf einer <a class=\"moretag\" href=\"https:\/\/reyerlooks.com.staging-development.com\/?product=outdoor-jacke\">weiterlesen&#8230;<\/a><\/p>\n","protected":false},"featured_media":169436,"comment_status":"open","ping_status":"closed","template":"","meta":{"_acf_changed":false,"inline_featured_image":false},"product_cat":[4378,4440,4386,4397,4657],"product_tag":[],"class_list":{"0":"post-162339","1":"product","2":"type-product","3":"status-publish","4":"has-post-thumbnail","6":"product_cat-women","7":"product_cat-women-bekleidung-jacken-outdoor-jacken","8":"product_cat-women-bekleidung","9":"product_cat-women-bekleidung-jacken","10":"product_cat-gofranck","12":"first","13":"instock","14":"taxable","15":"shipping-taxable","16":"purchasable","17":"product-type-variable"},"acf":[],"_links":{"self":[{"href":"https:\/\/reyerlooks.com.staging-development.com\/index.php?rest_route=\/wp\/v2\/product\/162339","targetHints":{"allow":["GET"]}}],"collection":[{"href":"https:\/\/reyerlooks.com.staging-development.com\/index.php?rest_route=\/wp\/v2\/product"}],"about":[{"href":"https:\/\/reyerlooks.com.staging-development.com\/index.php?rest_route=\/wp\/v2\/types\/product"}],"replies":[{"embeddable":true,"href":"https:\/\/reyerlooks.com.staging-development.com\/index.php?rest_route=%2Fwp%2Fv2%2Fcomments&post=162339"}],"wp:featuredmedia":[{"embeddable":true,"href":"https:\/\/reyerlooks.com.staging-development.com\/index.php?rest_route=\/wp\/v2\/media\/169436"}],"wp:attachment":[{"href":"https:\/\/reyerlooks.com.staging-development.com\/index.php?rest_route=%2Fwp%2Fv2%2Fmedia&parent=162339"}],"wp:term":[{"taxonomy":"product_cat","embeddable":true,"href":"https:\/\/reyerlooks.com.staging-development.com\/index.php?rest_route=%2Fwp%2Fv2%2Fproduct_cat&post=162339"},{"taxonomy":"product_tag","embeddable":true,"href":"https:\/\/reyerlooks.com.staging-development.com\/index.php?rest_route=%2Fwp%2Fv2%2Fproduct_tag&post=162339"}],"curies":[{"name":"wp","href":"https:\/\/api.w.org\/{rel}","templated":true}]}}