{"id":162209,"date":"2023-10-10T13:41:10","date_gmt":"2023-10-10T11:41:10","guid":{"rendered":"https:\/\/www.reyerlooks.com\/?post_type=product&#038;p=162209"},"modified":"2026-04-15T09:37:45","modified_gmt":"2026-04-15T07:37:45","slug":"outdoor-jacke-2","status":"publish","type":"product","link":"https:\/\/reyerlooks.com.staging-development.com\/?product=outdoor-jacke-2","title":{"rendered":"Outdoor Jacke"},"content":{"rendered":"<p>in Blau<br \/>\nschlie\u00dft mit 2-Wege-Zip (mit Logo-Patch) und verdecktem Magnetverschluss<br \/>\nbreiter Querstepp<br \/>\nEingrifftaschen auf Brusth\u00f6he mit Magnetverschluss<br \/>\nlange \u00c4rmel mit Rippb\u00fcndchen und Daumenschleife<br \/>\nPattentaschen und Eingrifftaschen seitlich vorne<br \/>\nkurze Schlitze seitlich mit Zip<br \/>\nEingrifftasche innen<br \/>\nSaum mit elastischem Gummizug<br \/>\nTragegurte innen um die Jacke wie einen Rucksack tragen zu k\u00f6nnen<br \/>\nreflektierende Schlaufe mit Logo-Print auf R\u00fcckseite zur verbesserten Sichtbarkeit bei schwierigen Wetterbedingungen und Dunkelheit<br \/>\nwind- und wasserabweisend, wasserfest<br \/>\nPassform: gerader Schnitt, reicht ca. bis zur Mitte des Oberschenkels<\/p>\n","protected":false},"excerpt":{"rendered":"<p>in Blau schlie\u00dft mit 2-Wege-Zip (mit Logo-Patch) und verdecktem Magnetverschluss breiter Querstepp Eingrifftaschen auf Brusth\u00f6he mit Magnetverschluss lange \u00c4rmel mit Rippb\u00fcndchen und Daumenschleife Pattentaschen und Eingrifftaschen seitlich vorne kurze Schlitze seitlich mit Zip Eingrifftasche innen Saum mit elastischem Gummizug Tragegurte innen um die Jacke wie einen Rucksack tragen zu k\u00f6nnen <a class=\"moretag\" href=\"https:\/\/reyerlooks.com.staging-development.com\/?product=outdoor-jacke-2\">weiterlesen&#8230;<\/a><\/p>\n","protected":false},"featured_media":165615,"comment_status":"open","ping_status":"closed","template":"","meta":{"_acf_changed":false,"inline_featured_image":false},"product_cat":[4378,4440,4386,4397,4657],"product_tag":[],"class_list":{"0":"post-162209","1":"product","2":"type-product","3":"status-publish","4":"has-post-thumbnail","6":"product_cat-women","7":"product_cat-women-bekleidung-jacken-outdoor-jacken","8":"product_cat-women-bekleidung","9":"product_cat-women-bekleidung-jacken","10":"product_cat-gofranck","12":"first","13":"instock","14":"taxable","15":"shipping-taxable","16":"purchasable","17":"product-type-variable"},"acf":[],"_links":{"self":[{"href":"https:\/\/reyerlooks.com.staging-development.com\/index.php?rest_route=\/wp\/v2\/product\/162209","targetHints":{"allow":["GET"]}}],"collection":[{"href":"https:\/\/reyerlooks.com.staging-development.com\/index.php?rest_route=\/wp\/v2\/product"}],"about":[{"href":"https:\/\/reyerlooks.com.staging-development.com\/index.php?rest_route=\/wp\/v2\/types\/product"}],"replies":[{"embeddable":true,"href":"https:\/\/reyerlooks.com.staging-development.com\/index.php?rest_route=%2Fwp%2Fv2%2Fcomments&post=162209"}],"wp:featuredmedia":[{"embeddable":true,"href":"https:\/\/reyerlooks.com.staging-development.com\/index.php?rest_route=\/wp\/v2\/media\/165615"}],"wp:attachment":[{"href":"https:\/\/reyerlooks.com.staging-development.com\/index.php?rest_route=%2Fwp%2Fv2%2Fmedia&parent=162209"}],"wp:term":[{"taxonomy":"product_cat","embeddable":true,"href":"https:\/\/reyerlooks.com.staging-development.com\/index.php?rest_route=%2Fwp%2Fv2%2Fproduct_cat&post=162209"},{"taxonomy":"product_tag","embeddable":true,"href":"https:\/\/reyerlooks.com.staging-development.com\/index.php?rest_route=%2Fwp%2Fv2%2Fproduct_tag&post=162209"}],"curies":[{"name":"wp","href":"https:\/\/api.w.org\/{rel}","templated":true}]}}