{"id":161635,"date":"2023-09-14T11:56:15","date_gmt":"2023-09-14T09:56:15","guid":{"rendered":"https:\/\/www.reyerlooks.com\/?post_type=product&#038;p=161635"},"modified":"2026-04-21T11:26:20","modified_gmt":"2026-04-21T09:26:20","slug":"wide-leg-jeans-5","status":"publish","type":"product","link":"https:\/\/reyerlooks.com.staging-development.com\/?product=wide-leg-jeans-5","title":{"rendered":"Wide-Leg Jeans"},"content":{"rendered":"<p>in Blau<br \/>\nschlie\u00dft mit Knopfleiste<br \/>\nG\u00fcrtelschlaufen<br \/>\nseitliche Eingriffstaschen<br \/>\nausgesetzte Ges\u00e4\u00dftaschen<br \/>\ngewaschene Optik<br \/>\nPassform: High Rise, gerades und weites Bein, f\u00e4llt locker<\/p>\n","protected":false},"excerpt":{"rendered":"<p>in Blau schlie\u00dft mit Knopfleiste G\u00fcrtelschlaufen seitliche Eingriffstaschen ausgesetzte Ges\u00e4\u00dftaschen gewaschene Optik Passform: High Rise, gerades und weites Bein, f\u00e4llt locker<\/p>\n","protected":false},"featured_media":161646,"comment_status":"open","ping_status":"closed","template":"","meta":{"_acf_changed":false,"inline_featured_image":false},"product_cat":[4378,4386,4461,4408,1643],"product_tag":[],"class_list":{"0":"post-161635","1":"product","2":"type-product","3":"status-publish","4":"has-post-thumbnail","6":"product_cat-women","7":"product_cat-women-bekleidung","8":"product_cat-women-bekleidung-jeans-straight-leg","9":"product_cat-women-bekleidung-jeans","10":"product_cat-citizens-of-humanity","12":"first","13":"outofstock","14":"taxable","15":"shipping-taxable","16":"product-type-variable"},"acf":[],"_links":{"self":[{"href":"https:\/\/reyerlooks.com.staging-development.com\/index.php?rest_route=\/wp\/v2\/product\/161635","targetHints":{"allow":["GET"]}}],"collection":[{"href":"https:\/\/reyerlooks.com.staging-development.com\/index.php?rest_route=\/wp\/v2\/product"}],"about":[{"href":"https:\/\/reyerlooks.com.staging-development.com\/index.php?rest_route=\/wp\/v2\/types\/product"}],"replies":[{"embeddable":true,"href":"https:\/\/reyerlooks.com.staging-development.com\/index.php?rest_route=%2Fwp%2Fv2%2Fcomments&post=161635"}],"wp:featuredmedia":[{"embeddable":true,"href":"https:\/\/reyerlooks.com.staging-development.com\/index.php?rest_route=\/wp\/v2\/media\/161646"}],"wp:attachment":[{"href":"https:\/\/reyerlooks.com.staging-development.com\/index.php?rest_route=%2Fwp%2Fv2%2Fmedia&parent=161635"}],"wp:term":[{"taxonomy":"product_cat","embeddable":true,"href":"https:\/\/reyerlooks.com.staging-development.com\/index.php?rest_route=%2Fwp%2Fv2%2Fproduct_cat&post=161635"},{"taxonomy":"product_tag","embeddable":true,"href":"https:\/\/reyerlooks.com.staging-development.com\/index.php?rest_route=%2Fwp%2Fv2%2Fproduct_tag&post=161635"}],"curies":[{"name":"wp","href":"https:\/\/api.w.org\/{rel}","templated":true}]}}