{"id":146812,"date":"2022-10-17T17:25:42","date_gmt":"2022-10-17T15:25:42","guid":{"rendered":"https:\/\/www.reyerlooks.com\/?post_type=product&#038;p=146812"},"modified":"2026-04-21T11:26:20","modified_gmt":"2026-04-21T09:26:20","slug":"parka-cold-winter-4","status":"publish","type":"product","link":"https:\/\/reyerlooks.com.staging-development.com\/?product=parka-cold-winter-4","title":{"rendered":"Parka COLD WINTER"},"content":{"rendered":"<p>in dunklem Petrolgr\u00fcn<br \/>\nStehkragen mit Kapuze und Tunnelzug<br \/>\nschlie\u00dft mit 2-Wege-Zip und Drucknopfleiste<br \/>\nlange \u00c4rmel mit elastischen Stoff-Rippb\u00fcndchen zum Schutz vor K\u00e4lte<br \/>\nL\u00fcftungsschlitze an Unterarmen<br \/>\nEingrifftaschen auf Brusth\u00f6he und weiter unten seitlich mit Magnetverschluss<br \/>\nTunnelzug um die Taille<br \/>\nwind- und wasserabweisend, wasserfest \u2013 20.000 mm Wassers\u00e4ule<br \/>\natmungsaktiv (8.000 G\/M2)<br \/>\nEingrifffach mit Zip auf Innenseite<br \/>\naus High performance Material Dense Micro Twill<br \/>\nweiches Faux-Fur Futter auf Innenseite<br \/>\nreflektierende Schlaufe mit Logo-Print auf R\u00fcckseite zur verbesserten Sichtbarkeit bei schwierigen Wetterbedingungen und Dunkelheit<br \/>\nPassform: gerader Schnitt, f\u00e4llt locker, reicht ca. bis zur Wadenmitte<\/p>\n","protected":false},"excerpt":{"rendered":"<p>in dunklem Petrolgr\u00fcn Stehkragen mit Kapuze und Tunnelzug schlie\u00dft mit 2-Wege-Zip und Drucknopfleiste lange \u00c4rmel mit elastischen Stoff-Rippb\u00fcndchen zum Schutz vor K\u00e4lte L\u00fcftungsschlitze an Unterarmen Eingrifftaschen auf Brusth\u00f6he und weiter unten seitlich mit Magnetverschluss Tunnelzug um die Taille wind- und wasserabweisend, wasserfest \u2013 20.000 mm Wassers\u00e4ule atmungsaktiv (8.000 G\/M2) Eingrifffach <a class=\"moretag\" href=\"https:\/\/reyerlooks.com.staging-development.com\/?product=parka-cold-winter-4\">weiterlesen&#8230;<\/a><\/p>\n","protected":false},"featured_media":147674,"comment_status":"open","ping_status":"closed","template":"","meta":{"_acf_changed":false,"inline_featured_image":false},"product_cat":[4378,4440,4386,4397,4657],"product_tag":[],"class_list":{"0":"post-146812","1":"product","2":"type-product","3":"status-publish","4":"has-post-thumbnail","6":"product_cat-women","7":"product_cat-women-bekleidung-jacken-outdoor-jacken","8":"product_cat-women-bekleidung","9":"product_cat-women-bekleidung-jacken","10":"product_cat-gofranck","12":"first","13":"instock","14":"taxable","15":"shipping-taxable","16":"purchasable","17":"product-type-variable"},"acf":[],"_links":{"self":[{"href":"https:\/\/reyerlooks.com.staging-development.com\/index.php?rest_route=\/wp\/v2\/product\/146812","targetHints":{"allow":["GET"]}}],"collection":[{"href":"https:\/\/reyerlooks.com.staging-development.com\/index.php?rest_route=\/wp\/v2\/product"}],"about":[{"href":"https:\/\/reyerlooks.com.staging-development.com\/index.php?rest_route=\/wp\/v2\/types\/product"}],"replies":[{"embeddable":true,"href":"https:\/\/reyerlooks.com.staging-development.com\/index.php?rest_route=%2Fwp%2Fv2%2Fcomments&post=146812"}],"wp:featuredmedia":[{"embeddable":true,"href":"https:\/\/reyerlooks.com.staging-development.com\/index.php?rest_route=\/wp\/v2\/media\/147674"}],"wp:attachment":[{"href":"https:\/\/reyerlooks.com.staging-development.com\/index.php?rest_route=%2Fwp%2Fv2%2Fmedia&parent=146812"}],"wp:term":[{"taxonomy":"product_cat","embeddable":true,"href":"https:\/\/reyerlooks.com.staging-development.com\/index.php?rest_route=%2Fwp%2Fv2%2Fproduct_cat&post=146812"},{"taxonomy":"product_tag","embeddable":true,"href":"https:\/\/reyerlooks.com.staging-development.com\/index.php?rest_route=%2Fwp%2Fv2%2Fproduct_tag&post=146812"}],"curies":[{"name":"wp","href":"https:\/\/api.w.org\/{rel}","templated":true}]}}