{"id":141160,"date":"2022-08-16T14:35:00","date_gmt":"2022-08-16T12:35:00","guid":{"rendered":"https:\/\/www.reyerlooks.com\/?post_type=product&#038;p=141160"},"modified":"2026-04-15T04:37:49","modified_gmt":"2026-04-15T02:37:49","slug":"cowboy-boots-wish-star","status":"publish","type":"product","link":"https:\/\/reyerlooks.com.staging-development.com\/?product=cowboy-boots-wish-star","title":{"rendered":"Cowboy Boots WISH STAR"},"content":{"rendered":"<p>in Schwarz<br \/>\nGlattleder<br \/>\nhoher Schaft mit Laschen seitlich<br \/>\nkunstvolle Ziern\u00e4hte im Western-Style in Gold an Schaft und in Schwarz an der Schuhspitze<br \/>\nSternapplikation in Gold an der Schaftmitte auf der Vorder- und R\u00fcckseite<br \/>\nspitze Vorderkappe<br \/>\nvon Hand gefertigt<br \/>\nim Vintage-Look<br \/>\nSchafth\u00f6he: ca. 40,5 cm<br \/>\nAbsatzh\u00f6he: ca. 4 cm<\/p>\n","protected":false},"excerpt":{"rendered":"<p>in Schwarz Glattleder hoher Schaft mit Laschen seitlich kunstvolle Ziern\u00e4hte im Western-Style in Gold an Schaft und in Schwarz an der Schuhspitze Sternapplikation in Gold an der Schaftmitte auf der Vorder- und R\u00fcckseite spitze Vorderkappe von Hand gefertigt im Vintage-Look Schafth\u00f6he: ca. 40,5 cm Absatzh\u00f6he: ca. 4 cm<\/p>\n","protected":false},"featured_media":141169,"comment_status":"open","ping_status":"closed","template":"","meta":{"_acf_changed":false,"inline_featured_image":false},"product_cat":[4378,4654,4383,4415,5002,1612],"product_tag":[],"class_list":{"0":"post-141160","1":"product","2":"type-product","3":"status-publish","4":"has-post-thumbnail","6":"product_cat-women","7":"product_cat-women-schuhe-stiefel-mid-heel-stiefel","8":"product_cat-women-schuhe","9":"product_cat-women-schuhe-stiefel","10":"product_cat-eclectic-elegance","11":"product_cat-golden-goose","13":"first","14":"instock","15":"taxable","16":"shipping-taxable","17":"purchasable","18":"product-type-variable"},"acf":[],"_links":{"self":[{"href":"https:\/\/reyerlooks.com.staging-development.com\/index.php?rest_route=\/wp\/v2\/product\/141160","targetHints":{"allow":["GET"]}}],"collection":[{"href":"https:\/\/reyerlooks.com.staging-development.com\/index.php?rest_route=\/wp\/v2\/product"}],"about":[{"href":"https:\/\/reyerlooks.com.staging-development.com\/index.php?rest_route=\/wp\/v2\/types\/product"}],"replies":[{"embeddable":true,"href":"https:\/\/reyerlooks.com.staging-development.com\/index.php?rest_route=%2Fwp%2Fv2%2Fcomments&post=141160"}],"wp:featuredmedia":[{"embeddable":true,"href":"https:\/\/reyerlooks.com.staging-development.com\/index.php?rest_route=\/wp\/v2\/media\/141169"}],"wp:attachment":[{"href":"https:\/\/reyerlooks.com.staging-development.com\/index.php?rest_route=%2Fwp%2Fv2%2Fmedia&parent=141160"}],"wp:term":[{"taxonomy":"product_cat","embeddable":true,"href":"https:\/\/reyerlooks.com.staging-development.com\/index.php?rest_route=%2Fwp%2Fv2%2Fproduct_cat&post=141160"},{"taxonomy":"product_tag","embeddable":true,"href":"https:\/\/reyerlooks.com.staging-development.com\/index.php?rest_route=%2Fwp%2Fv2%2Fproduct_tag&post=141160"}],"curies":[{"name":"wp","href":"https:\/\/api.w.org\/{rel}","templated":true}]}}