{"id":2969,"date":"2020-07-09T10:56:32","date_gmt":"2020-07-09T08:56:32","guid":{"rendered":"https:\/\/reyer.lake-studio.de\/unternehmen"},"modified":"2024-04-29T13:57:36","modified_gmt":"2024-04-29T11:57:36","slug":"unternehmen-2","status":"publish","type":"page","link":"https:\/\/reyerlooks.com.staging-development.com\/?page_id=2969","title":{"rendered":"Unternehmen"},"content":{"rendered":"\t\t\t<section  class=\"content-section      mb-20-xs mb-30-sm\"    >\n\n\t\t\t\t\n\t\t\t\t\n\t\t\t\t\n\t\t\t\t<div class=\"row  \">\n\n\t\t\t\t\t[vc_column width=&#8221;5\/6&#8243;]\n\t\t<div  id=\"\" class=\"ls-vc-image-retina wpb_content_element \">\n\n\t\t\t\n\t\t\t\t\n\t\t\t\t\t<img decoding=\"async\"  srcset=\"https:\/\/reyerlooks.com.staging-development.com\/wp-content\/uploads\/2020\/08\/reyer-store.jpg 1x,https:\/\/reyerlooks.com.staging-development.com\/wp-content\/uploads\/2020\/08\/reyer-store2x.jpg 2x\" src=\"https:\/\/reyerlooks.com.staging-development.com\/wp-content\/uploads\/2020\/08\/reyer-store.jpg\" alt=\"\" \/>\n\n\t\t\t\t\n\t\t\t\n\t\t<\/div><!-- end \/.ls-vc-image-retina -->\n\n\t\t[\/vc_column]\n\t\t\t\t<\/div>\n\n\t\t\t\t\n\t\t\t\t\n\t\t\t\n\t\t\t\n\t\t<\/section>\n\n\t\t\t\t<section  id=\"reyer-store\" class=\"content-section pt-30-xs pt-40-md   pt-40-xs pb-40-xs pt-50-md pb-50-md pt-70-lg pb-70-lg  mb-20-xs mb-30-sm\"    >\n\n\t\t\t\t\n\t\t\t\t\n\t\t\t\t\n\t\t\t\t<div class=\"row  \">\n\n\t\t\t\t\t[vc_column width=&#8221;5\/6&#8243;][vc_column_text]\n<h2 class=\"ls-text-uppercase ff-regular letterspacing letterspacing--3px\" style=\"text-align: center\">Reyer Fashion Store<\/h2>\n<p>Sport &amp; Mode REYER z\u00e4hlt zu den f\u00fchrenden Fashion Adressen im Raum Salzburg: auf \u00fcber 1.500 qm erstreckt sich eine einzigartige Mode und Lifestyle Welt f\u00fcr Damen, Herren und Sport. Immer am Puls der Zeit sucht Karl Reyer auf internationalen Modemessen nach angesagten Trends, den sch\u00f6nsten Designer Kollektionen und vielversprechenden Newcomer Labels.<\/p>\n<p>Wir haben Ihre Neugier geweckt? Dann besuchen Sie unseren Store in der N\u00e4he von Salzburg oder bleiben Sie mit unseren Newsletter stets \u00fcber aktuelle Fashion Updates und Designer Highlights informiert.[\/vc_column_text][\/vc_column]\n\t\t\t\t<\/div>\n\n\t\t\t\t\n\t\t\t\t\n\t\t\t\n\t\t\t\n\t\t<\/section>\n\n\t\t\t\t<section  id=\"geschichte\" class=\"content-section    pt-40-xs pb-40-xs pt-50-md pb-50-md pt-70-lg pb-70-lg  mb-20-xs mb-30-sm\"    >\n\n\t\t\t\t\n\t\t\t\t\n\t\t\t\t\n\t\t\t\t<div class=\"row  \">\n\n\t\t\t\t\t[vc_column width=&#8221;5\/6&#8243;][vc_column_text]\n<h2 class=\"ls-text-uppercase ff-regular letterspacing letterspacing--3px\" style=\"text-align: center\">Geschichte<\/h2>\n<p>Den Grundstein f\u00fcr das Halleiner Traditionshaus legt Karl Reyers Gro\u00dfvater, Robert Reyer sen., im Jahr 1924. In einer kleinen Wagnerei fertigt er Ski, Rodeln und Trittroller. Mit dem Erwerb des Grundst\u00fcckes an der Halleiner Stadteinfahrt 1945 begr\u00fcnden Robert und Auguste Reyer den heutigen Stammsitz von Sport &amp; Mode REYER.<\/p>\n<p>1965 absolviert Karl Reyer sen. seine Lehre im elterlichen Betrieb. Als 17facher Staatsmeister im Ringen etabliert Karl Reyer sen. das Haus als DIE Adresse f\u00fcr Sportartikel. Seit 1968, nach der Heirat von Karl und Marlene Reyer, halten internationale Designer Einzug am Weissgerberweg. Seitdem gilt Sport &amp; Mode REYER nicht nur als Spezialist f\u00fcr hochwertige Skibekleidung, sondern auch als Garant f\u00fcr exklusive Damen \u2013 und Herrenmode.<\/p>\n<p>2005 \u00fcbernimmt Karl Reyer jun. das Familienunternehmen in 3. Generation und gestaltet das Modehaus nach modernem, internationalem Zeitgeist. Aufw\u00e4ndige Umbauarbeiten lassen den Fashion Store seither in kosmopolitischem Glanz erstrahlen: neben einem komfortablen Lounge Bereich mit Kamin l\u00e4dt eine gro\u00dfz\u00fcgige Terrasse im Sommer zum Verweilen ein. Seitdem kreiert Karl Reyer jun. einen richtungsweisenden Mix aus Designerfashion, Urban Streetwear Labels und hochwertiger Sportbekleidung. So wurde der REYER Fashion Store vom Branchenmagazin WeAr in den letzten Jahren mehrmals unter die 100 besten Model\u00e4den der Welt gew\u00e4hlt.<\/p>\n<p>Mit dem Launch eines Fashion Online Shops im Jahr 2009 stellt Karl Reyer abermals sein Gesp\u00fcr f\u00fcr zukunftsweisende Trends unter Beweis. Als \u00d6sterreichs erster High Fashion Online Shop hat sich REYERlooks.com inzwischen international etabliert und findet in renommierten Modemagazinen wie der Elle und InStyle immer wieder Aufmerksamkeit.[\/vc_column_text][\/vc_column]\n\t\t\t\t<\/div>\n\n\t\t\t\t\n\t\t\t\t\n\t\t\t\n\t\t\t\n\t\t<\/section>\n\n\t\t\t\t<section  class=\"content-section    pb-30-xs pb-40-md  mb-20-xs mb-30-sm\"    >\n\n\t\t\t\t\n\t\t\t\t\n\t\t\t\t\n\t\t\t\t<div class=\"row  \">\n\n\t\t\t\t\t[vc_column width=&#8221;5\/6&#8243;]\n\t\t<div  id=\"\" class=\"ls-vc-image-retina wpb_content_element \">\n\n\t\t\t\n\t\t\t\t\n\t\t\t\t\t<img decoding=\"async\"   src=\"https:\/\/reyerlooks.com.staging-development.com\/wp-content\/uploads\/2020\/08\/reyer-store-3.jpg\" alt=\"\" \/>\n\n\t\t\t\t\n\t\t\t\n\t\t<\/div><!-- end \/.ls-vc-image-retina -->\n\n\t\t[\/vc_column]\n\t\t\t\t<\/div>\n\n\t\t\t\t\n\t\t\t\t\n\t\t\t\n\t\t\t\n\t\t<\/section>\n\n\t\t\t\t<section  id=\"karriere\" class=\"content-section    pt-40-xs pb-40-xs pt-50-md pb-50-md pt-70-lg pb-70-lg  mb-20-xs mb-30-sm\"    >\n\n\t\t\t\t\n\t\t\t\t\n\t\t\t\t\n\t\t\t\t<div class=\"row  \">\n\n\t\t\t\t\t[vc_column width=&#8221;5\/6&#8243;][vc_column_text css=&#8221;&#8221; vc_rwd=&#8221;&#8221;]\n<h2 class=\"ls-text-uppercase ff-regular letterspacing letterspacing--3px\" style=\"text-align: center\">Karriere<\/h2>\n<p>Bei Sport &amp; Mode REYER, einem der f\u00fchrenden Fashionstores in \u00d6sterreich, arbeiten wir in einem leistungsorientierten Team. Das gemeinsame Interesse an exklusiver Designermode, sowie die Leidenschaft f\u00fcr zeitgem\u00e4\u00dfe Fashion zeichnen uns f\u00fcr die Arbeit in einem international renommierten Modehaus aus.<br \/>\nBei Sport &amp; Mode REYER arbeiten wir auf h\u00f6chstem Niveau in famili\u00e4rer Atmosph\u00e4re. Unseren Mitarbeitern bieten wir dar\u00fcber hinaus regelm\u00e4\u00dfige Schulungen, bei denen sie sich fachlich sowie menschlich weiterentwickeln k\u00f6nnen.<\/p>\n<p>Gerne k\u00f6nnen Sie uns Ihre Initiativbewerbung senden. Zur Verst\u00e4rkung unseres Teams suchen wir engagierte und talentierte Pers\u00f6nlichkeiten mit professionellem Auftreten und Begeisterung f\u00fcr Mode.<\/p>\n<p>KONTAKT:<\/p>\n<p>Reyer Sport &amp; Mode<br \/>\nz.H. Karl Reyer<br \/>\nWeissgerberweg 2-6<br \/>\n5400 Hallein<br \/>\nEmail: &#x6f;&#x66;&#102;&#105;c&#x65;&#x40;&#x72;&#101;&#121;e&#x72;&#x6c;&#x6f;&#111;&#107;s&#x2e;&#x63;&#x6f;&#109;<br \/>\nTel. +43 06245 80281[\/vc_column_text][ls_vc_divider][vc_column_text]\n<h2 class=\"ls-text-uppercase ff-regular letterspacing letterspacing--3px\" style=\"text-align: center\">Presse<\/h2>\n<p>F\u00fcr Presseanfragen und Informationen sowie hochaufl\u00f6sendes Bildmaterial f\u00fcr Print &amp; Online Medien kontaktieren Sie bitte unser PR-Team.<\/p>\n<p>Pressekontakt:<br \/>\n<a href=\"&#x6d;a&#x69;&#108;t&#x6f;&#58;&#x70;&#114;e&#x73;&#115;&#x65;&#64;r&#x65;&#121;&#x65;&#x72;l&#x6f;&#111;k&#x73;&#46;&#x63;&#111;m\">&#x70;&#114;e&#x73;&#115;&#101;&#x40;&#x72;&#101;y&#x65;&#114;l&#x6f;&#x6f;&#107;s&#x2e;&#99;o&#x6d;<\/a><br \/>\nTel. <a href=\"tel:+43624580281\">+43-(0)6245-80281<\/a>[\/vc_column_text][\/vc_column]\n\t\t\t\t<\/div>\n\n\t\t\t\t\n\t\t\t\t\n\t\t\t\n\t\t\t\n\t\t<\/section>\n\n\t\n","protected":false},"excerpt":{"rendered":"[vc_column width=\"5\/6\"] [\/vc_column] [vc_column width=\"5\/6\"][vc_column_text] Reyer Fashion Store Sport &amp; Mode REYER z\u00e4hlt zu den f\u00fchrenden Fashion Adressen im Raum Salzburg: auf \u00fcber 1.500 qm erstreckt sich eine einzigartige Mode und Lifestyle Welt f\u00fcr Damen, Herren und Sport. Immer am Puls der Zeit sucht Karl Reyer auf internationalen Modemessen nach <a class=\"moretag\" href=\"https:\/\/reyerlooks.com.staging-development.com\/?page_id=2969\">weiterlesen...<\/a>","protected":false},"author":1,"featured_media":0,"parent":0,"menu_order":60,"comment_status":"closed","ping_status":"closed","template":"","meta":{"_acf_changed":false,"inline_featured_image":false,"footnotes":""},"class_list":["post-2969","page","type-page","status-publish","hentry"],"acf":[],"_links":{"self":[{"href":"https:\/\/reyerlooks.com.staging-development.com\/index.php?rest_route=\/wp\/v2\/pages\/2969","targetHints":{"allow":["GET"]}}],"collection":[{"href":"https:\/\/reyerlooks.com.staging-development.com\/index.php?rest_route=\/wp\/v2\/pages"}],"about":[{"href":"https:\/\/reyerlooks.com.staging-development.com\/index.php?rest_route=\/wp\/v2\/types\/page"}],"author":[{"embeddable":true,"href":"https:\/\/reyerlooks.com.staging-development.com\/index.php?rest_route=\/wp\/v2\/users\/1"}],"replies":[{"embeddable":true,"href":"https:\/\/reyerlooks.com.staging-development.com\/index.php?rest_route=%2Fwp%2Fv2%2Fcomments&post=2969"}],"version-history":[{"count":3,"href":"https:\/\/reyerlooks.com.staging-development.com\/index.php?rest_route=\/wp\/v2\/pages\/2969\/revisions"}],"predecessor-version":[{"id":173026,"href":"https:\/\/reyerlooks.com.staging-development.com\/index.php?rest_route=\/wp\/v2\/pages\/2969\/revisions\/173026"}],"wp:attachment":[{"href":"https:\/\/reyerlooks.com.staging-development.com\/index.php?rest_route=%2Fwp%2Fv2%2Fmedia&parent=2969"}],"curies":[{"name":"wp","href":"https:\/\/api.w.org\/{rel}","templated":true}]}}