{"id":150717,"date":"2023-01-10T13:53:43","date_gmt":"2023-01-10T12:53:43","guid":{"rendered":"https:\/\/www.reyerlooks.com\/?page_id=150717"},"modified":"2024-10-09T13:05:20","modified_gmt":"2024-10-09T11:05:20","slug":"jobs","status":"publish","type":"page","link":"https:\/\/reyerlooks.com.staging-development.com\/?page_id=150717","title":{"rendered":"JOBS"},"content":{"rendered":"\t\t\t<section  class=\"content-section      mb-20-xs mb-30-sm\"    >\n\n\t\t\t\t\n\t\t\t\t\n\t\t\t\t\n\t\t\t\t<div class=\"row  \">\n\n\t\t\t\t\t[vc_column width=&#8221;5\/6&#8243;]\n\t\t<div  id=\"\" class=\"ls-vc-image-retina wpb_content_element \">\n\n\t\t\t\n\t\t\t\t\n\t\t\t\t\t<img decoding=\"async\"  srcset=\"https:\/\/reyerlooks.com.staging-development.com\/wp-content\/uploads\/2020\/08\/reyer-store.jpg 1x,https:\/\/reyerlooks.com.staging-development.com\/wp-content\/uploads\/2020\/08\/reyer-store2x.jpg 2x\" src=\"https:\/\/reyerlooks.com.staging-development.com\/wp-content\/uploads\/2020\/08\/reyer-store.jpg\" alt=\"\" \/>\n\n\t\t\t\t\n\t\t\t\n\t\t<\/div><!-- end \/.ls-vc-image-retina -->\n\n\t\t[\/vc_column]\n\t\t\t\t<\/div>\n\n\t\t\t\t\n\t\t\t\t\n\t\t\t\n\t\t\t\n\t\t<\/section>\n\n\t\t\t\t<section  id=\"karriere\" class=\"content-section    pt-40-xs pb-40-xs pt-50-md pb-50-md pt-70-lg pb-70-lg  mb-20-xs mb-30-sm\"    >\n\n\t\t\t\t\n\t\t\t\t\n\t\t\t\t\n\t\t\t\t<div class=\"row  \">\n\n\t\t\t\t\t[vc_column width=&#8221;5\/6&#8243;][vc_column_text css=&#8221;&#8221;]\n<h2 class=\"ls-text-uppercase ff-regular letterspacing letterspacing--3px\" style=\"text-align: center\">Jobs<\/h2>\n<p>Bei Sport &amp; Mode REYER, einem der f\u00fchrenden Fashionstores in \u00d6sterreich, arbeiten wir in einem leistungsorientierten Team. Das gemeinsame Interesse an exklusiver Designermode, sowie die Leidenschaft f\u00fcr zeitgem\u00e4\u00dfe Fashion zeichnen uns f\u00fcr die Arbeit in einem international renommierten Modehaus aus.<br \/>\nBei Sport &amp; Mode REYER arbeiten wir auf h\u00f6chstem Niveau in famili\u00e4rer Atmosph\u00e4re. Unseren Mitarbeitern bieten wir dar\u00fcber hinaus regelm\u00e4\u00dfige Schulungen, bei denen sie sich fachlich sowie menschlich weiterentwickeln k\u00f6nnen.<\/p>\n<p>OFFENE STELLEN:[\/vc_column_text]\n\t\t<div  class=\"ls-vc-container wpb_content_element \">\n\n\t\t\t<div class=\"container__wrap container__wrap--custom-background p-20-xs p-30-sm p-50-md p-15-xs  \" style=\"border-width: 1px;border-color: #000000;border-style: solid;\">\n\n       \t\t\t<p>[vc_column_text css=&#8221;&#8221; vc_rwd=&#8221;&#8221;]<\/p>\n<h2>\u00c4NDERUNGSSCHNEIDER\/-IN<\/h2>\n<p>auf Teilzeitbasis f\u00fcr 20-25 Wochenstunden<\/p>\n<p><a href=\"https:\/\/reyerlooks.com.staging-development.com\/wp-content\/uploads\/2024\/10\/Jobbeschreibung_AeNDERUNGSSCHNEIDER.pdf\" target=\"_blank\" rel=\"noopener\">Hier mehr erfahren<\/a><\/p>\n<p>Wenn auch Sie Teil des REYER Teams sein m\u00f6chten, senden Sie bitte Ihre aussagekr\u00e4ftige Bewerbung mit Foto per Mail an <a title=\"Bewerbung: \u00c4nderungsschneider\/-in\" href=\"&#x6d;&#97;i&#x6c;&#116;&#111;&#x3a;&#x69;&#110;f&#x6f;&#64;r&#x65;&#x79;&#101;r&#x2e;&#99;c\" rel=\"\">in&#102;&#111;&#64;&#x72;&#x65;&#x79;&#x65;&#x72;&#46;c&#99;<\/a> oder per Post an:<\/p>\n<p><strong>Karl REYER Sport und Mode Handels GmbH<\/strong><br \/>\nz.H. Frau Monika Schubhart<br \/>\nWeissgerberweg 2-6<br \/>\n5400 Hallein[\/vc_column_text][vc_column_text css=&#8221;&#8221; vc_rwd=&#8221;&#8221;]<\/p>\n<h2>VERK\u00c4UFER\/-IN &#8211; STYLIST\/-IN &#8211; VERKAUFSBERATER\/-IN (M\/W\/D)<\/h2>\n<p>auf Vollzeit- oder Teilzeitbasis, ab sofort<\/p>\n<p><a href=\"https:\/\/reyerlooks.com.staging-development.com\/wp-content\/uploads\/2021\/01\/20241009_Stellenausschreibung2024-Verkauf.pdf\" target=\"_blank\" rel=\"noopener\">Hier mehr erfahren<\/a><\/p>\n<p>Wenn auch Sie Teil des REYER Teams sein m\u00f6chten, senden Sie bitte Ihre aussagekr\u00e4ftige Bewerbung mit Foto per Mail an <a title=\"Bewerbung: Verk\u00e4ufer\/in\" href=\"&#109;a&#x69;l&#x74;o&#x3a;i&#x6e;&#102;&#x6f;&#64;&#x72;&#101;&#x79;&#101;r&#46;c&#x63;\" rel=\"\">inf&#111;&#64;&#114;&#x65;&#x79;&#x65;&#x72;&#x2e;&#x63;c<\/a> oder per Post an:<\/p>\n<p><strong>Karl REYER Sport und Mode Handels GmbH<\/strong><br \/>\nz.H. Frau Monika Schubhart<br \/>\nWeissgerberweg 2-6<br \/>\n5400 Hallein[\/vc_column_text][vc_column_text css=&#8221;&#8221; vc_rwd=&#8221;&#8221;]<\/p>\n<h2>LEHRE ZUR\/-M EINZELHANDELSKAUFFRAU\/-MANN (M\/W\/D)<\/h2>\n<p>ab sofort<\/p>\n<p><a title=\"Bewerbung: Lehre\" href=\"https:\/\/reyerlooks.com.staging-development.com\/wp-content\/uploads\/2021\/01\/20241009_Stellenausschreibung2024-Lehre.pdf\" target=\"_blank\" rel=\"noopener\">Hier mehr erfahren<\/a><\/p>\n<p>Wenn auch Sie Teil des REYER Teams sein m\u00f6chten, senden Sie bitte Ihre aussagekr\u00e4ftige Bewerbung mit Foto per Mail an <a title=\"Bewerbung: Lehre zur\/-m Einzelhandelskauffrau\/-mann\" href=\"m&#97;&#x69;&#x6c;&#x74;o&#58;&#105;&#x6e;&#x66;o&#64;&#114;&#x65;&#x79;er&#46;&#x63;&#x63;\" rel=\"\">&#105;&#x6e;&#x66;o&#64;&#x72;e&#121;&#x65;r&#46;&#x63;c<\/a> oder per Post an:<\/p>\n<p><strong>Karl REYER Sport und Mode Handels GmbH<\/strong><br \/>\nz.H. Frau Monika Schubhart<br \/>\nWeissgerberweg 2-6<br \/>\n5400 Hallein[\/vc_column_text]<\/p>\n\n       \t\t<\/div>\n\n\t\t<\/div><!-- end \/.ls-vc-accordion -->\n\n\t   \t[ls_vc_divider][vc_column_text css=&#8221;&#8221;]Gerne k\u00f6nnen Sie uns auch Ihre Initiativbewerbung senden. Zur Verst\u00e4rkung unseres Teams suchen wir stets engagierte und talentierte Pers\u00f6nlichkeiten mit professionellem Auftreten und Begeisterung f\u00fcr Mode.<\/p>\n<p>KONTAKT<\/p>\n<p>Haben wir Ihr Interesse geweckt?<br \/>\nWir freuen uns auf Ihre aussagekr\u00e4ftige Bewerbung einschlie\u00dflich Lebenslauf und<br \/>\nZeugnissen.<\/p>\n<p>Karl REYER Sport und Mode Handels GmbH<br \/>\nWeissgerberweg 2-6<br \/>\n5400 Hallein<br \/>\nEmail: &#x69;&#x6e;&#x66;&#x6f;&#x40;&#114;&#101;&#121;&#101;r&#46;c&#x63;<br \/>\nTel. +43 6245 80281[\/vc_column_text][\/vc_column]\n\t\t\t\t<\/div>\n\n\t\t\t\t\n\t\t\t\t\n\t\t\t\n\t\t\t\n\t\t<\/section>\n\n\t\n","protected":false},"excerpt":{"rendered":"[vc_column width=\"5\/6\"] [\/vc_column] [vc_column width=\"5\/6\"][vc_column_text css=\"\"] Jobs Bei Sport &amp; Mode REYER, einem der f\u00fchrenden Fashionstores in \u00d6sterreich, arbeiten wir in einem leistungsorientierten Team. Das gemeinsame Interesse an exklusiver Designermode, sowie die Leidenschaft f\u00fcr zeitgem\u00e4\u00dfe Fashion zeichnen uns f\u00fcr die Arbeit in einem international renommierten Modehaus aus. Bei Sport &amp; <a class=\"moretag\" href=\"https:\/\/reyerlooks.com.staging-development.com\/?page_id=150717\">weiterlesen...<\/a>","protected":false},"author":18,"featured_media":0,"parent":0,"menu_order":60,"comment_status":"closed","ping_status":"closed","template":"","meta":{"_acf_changed":false,"inline_featured_image":false,"footnotes":""},"class_list":["post-150717","page","type-page","status-publish","hentry"],"acf":[],"_links":{"self":[{"href":"https:\/\/reyerlooks.com.staging-development.com\/index.php?rest_route=\/wp\/v2\/pages\/150717","targetHints":{"allow":["GET"]}}],"collection":[{"href":"https:\/\/reyerlooks.com.staging-development.com\/index.php?rest_route=\/wp\/v2\/pages"}],"about":[{"href":"https:\/\/reyerlooks.com.staging-development.com\/index.php?rest_route=\/wp\/v2\/types\/page"}],"author":[{"embeddable":true,"href":"https:\/\/reyerlooks.com.staging-development.com\/index.php?rest_route=\/wp\/v2\/users\/18"}],"replies":[{"embeddable":true,"href":"https:\/\/reyerlooks.com.staging-development.com\/index.php?rest_route=%2Fwp%2Fv2%2Fcomments&post=150717"}],"version-history":[{"count":21,"href":"https:\/\/reyerlooks.com.staging-development.com\/index.php?rest_route=\/wp\/v2\/pages\/150717\/revisions"}],"predecessor-version":[{"id":179016,"href":"https:\/\/reyerlooks.com.staging-development.com\/index.php?rest_route=\/wp\/v2\/pages\/150717\/revisions\/179016"}],"wp:attachment":[{"href":"https:\/\/reyerlooks.com.staging-development.com\/index.php?rest_route=%2Fwp%2Fv2%2Fmedia&parent=150717"}],"curies":[{"name":"wp","href":"https:\/\/api.w.org\/{rel}","templated":true}]}}